{"id":69026,"date":"2018-07-24T14:17:28","date_gmt":"2018-07-24T12:17:28","guid":{"rendered":"http:\/\/gabrielagoffiprofumeria.com\/new\/?page_id=69026"},"modified":"2018-07-24T14:17:28","modified_gmt":"2018-07-24T12:17:28","slug":"termini-e-condizioni","status":"publish","type":"page","link":"https:\/\/gabrielagoffiprofumeria.com\/new\/termini-e-condizioni\/","title":{"rendered":"Termini e condizioni"},"content":{"rendered":"<p><strong>CONDIZIONI GENERALI DI VENDITA E CONCLUSIONE DEL CONTRATTO<\/strong><\/p>\n<p>Questo sito \u00e8 di propriet\u00e0 di GABRIELA GOFFI PROFUMERIA, con sede legale in Corso Mazzini, 32, Spoleto.<\/p>\n<p>Email: info@gabrielagoffiprofumeria.com<\/p>\n<p>I contratti conclusi con GABRIELA GOFFI PROFUMERIA sono disciplinati dal diritto italiano e, in particolare, dal Decreto Legislativo 6 settembre 2005, n. 206 e dal Decreto Legislativo 9 aprile 2003.<\/p>\n<p>Il contratto stipulato tra GABRIELA GOFFI PROFUMERIA e il cliente deve intendersi concluso nel momento in cui l\u2019ordine viene inoltrato dal cliente nel rispetto della procedura di acquisto indicata nel sito e una volta ottenuto l\u2019accredito del pagamento.<\/p>\n<p>GABRIELA GOFFI PROFUMERIA provveder\u00e0 a trasmettere al cliente, tramite email, una conferma dell\u2019ordine di ricezione di acquisto inviata dal cliente, contenente un riepilogo delle caratteristiche del prodotto, del prezzo, della modalit\u00e0 di pagamento scelta dal cliente, e dei costi di consegna. Il cliente dovr\u00e0 verificare il contenuto della comunicazione e segnalare eventuali errori o omissioni.<\/p>\n<p><strong>IMMAGINI DEGLI ARTICOLI<\/strong><\/p>\n<p>Le tonalit\u00e0 dei colori nelle foto degli articoli sono indicative.<\/p>\n<p><strong>MODALIT\u00c0 DI ACQUISTO<\/strong><\/p>\n<p>Le caratteristiche e i prezzi dei prodotti sono riportati nell\u2019offerta relativa a ciascun singolo prodotto presente sul sito, ed i prezzi pubblicati sono comprensivi di IVA nella misura di legge.<\/p>\n<p>Per poter acquistare tutti i prodotti \u00e8 necessario registrarsi al sito. Dopo aver effettuata la registrazione si potr\u00e0 procedere con l\u2019ordine.<\/p>\n<p><strong>PAGAMENTO<\/strong><\/p>\n<ul>\n<li>Bonifico bancario anticipato<\/li>\n<li>Circuito PayPal<\/li>\n<\/ul>\n<p><strong>LEGGE APPLICABILE E SICUREZZA<\/strong><\/p>\n<p>Le condizioni di accesso al sito sono rette da norme di diritto italiano e devono essere interpretate in conformit\u00e0 con le leggi italiane.<\/p>\n<p>Il cliente accetta la giurisdizione dei tribunali italiani.<\/p>\n<p>GABRIELA GOFFI PROFUMERIA riconosce l\u2019importanza di tutelare i dai relativi ai propri clienti siano essi di natura personale o finanziaria, per questo garantisce l\u2019adozione di misure di sicurezza atte a proteggere tali dati.<\/p>\n<p><strong>DIRITTO DI RECESSO<\/strong><\/p>\n<p>Ai sensi dell\u2019art. 5 DL 185\/1999, il cliente ha diritto a recedere dal contratto di acquisto per qualsiasi motivo, senza necessit\u00e0 di fornire spiegazioni e senza alcuna penalit\u00e0. Per esercitare tale diritto, il cliente dovr\u00e0 inviare a GABRIELA GOFFI PROFUMERIA una comunicazione in tal senso entro 10 giorni dalla data di spedizione della merce.\u00a0Tale comunicazione dovr\u00e0 essere inviata via e-mail.<\/p>\n<p>Una volta pervenutaci la suddetta comunicazione di recesso il cliente dovr\u00e0 restituire la merce con spese a suo carico. La merce dovr\u00e0 essere restituita integra e nell\u2019imballo originale, completo di tutte le sue parti e senza aver subito danneggiamento alcuno. Al suo arrivo in magazzino la merce sar\u00e0 esaminata e, in assenza\u00a0di danneggiamenti o manomissioni, il recesso potr\u00e0 essere esercitato. Fatte salve eventuali spese di ripristino per danni accertati alla merce, GABRIELA GOFFI PROFUMERIA provveder\u00e0 a rimborsare al cliente l\u2019importo pagato, spese di spedizione escluse, entro 15 giorni dalla data di spedizione di ritorno della merce. Sar\u00e0 cura del cliente fornire tempestivamente a GABRIELA GOFFI PROFUMERIA le coordinate bancarie (Codice IBAN dell\u2019intestatario della fattura).<\/p>\n<p>Ogni eventuale reclamo, modifica o cancellazione di ordine dovr\u00e0 essere rivolto a GABRIELA GOFFI PROFUMERIA, tramite e-mail, all\u2019indirizzo qui sotto riportato:<\/p>\n<p>info@gabrielagoffiprofumeria.com<\/p>\n","protected":false},"excerpt":{"rendered":"<p>CONDIZIONI GENERALI DI VENDITA E CONCLUSIONE DEL CONTRATTO Questo sito \u00e8 di propriet\u00e0 di GABRIELA GOFFI PROFUMERIA, con sede legale in Corso Mazzini, 32, Spoleto. Email: info@gabrielagoffiprofumeria.com I contratti conclusi con GABRIELA GOFFI PROFUMERIA sono disciplinati dal diritto italiano e, in particolare, dal Decreto Legislativo 6 settembre 2005, n. 206 e dal Decreto Legislativo 9 [&hellip;]<\/p>\n","protected":false},"author":1,"featured_media":0,"parent":0,"menu_order":0,"comment_status":"closed","ping_status":"closed","template":"","meta":[],"acf":[],"_links":{"self":[{"href":"https:\/\/gabrielagoffiprofumeria.com\/new\/wp-json\/wp\/v2\/pages\/69026"}],"collection":[{"href":"https:\/\/gabrielagoffiprofumeria.com\/new\/wp-json\/wp\/v2\/pages"}],"about":[{"href":"https:\/\/gabrielagoffiprofumeria.com\/new\/wp-json\/wp\/v2\/types\/page"}],"author":[{"embeddable":true,"href":"https:\/\/gabrielagoffiprofumeria.com\/new\/wp-json\/wp\/v2\/users\/1"}],"replies":[{"embeddable":true,"href":"https:\/\/gabrielagoffiprofumeria.com\/new\/wp-json\/wp\/v2\/comments?post=69026"}],"version-history":[{"count":1,"href":"https:\/\/gabrielagoffiprofumeria.com\/new\/wp-json\/wp\/v2\/pages\/69026\/revisions"}],"predecessor-version":[{"id":69027,"href":"https:\/\/gabrielagoffiprofumeria.com\/new\/wp-json\/wp\/v2\/pages\/69026\/revisions\/69027"}],"wp:attachment":[{"href":"https:\/\/gabrielagoffiprofumeria.com\/new\/wp-json\/wp\/v2\/media?parent=69026"}],"curies":[{"name":"wp","href":"https:\/\/api.w.org\/{rel}","templated":true}]}}