{"id":69211,"date":"2020-03-22T18:30:31","date_gmt":"2020-03-22T17:30:31","guid":{"rendered":"http:\/\/gabrielagoffiprofumeria.com\/new\/?post_type=product&#038;p=69211"},"modified":"2023-05-03T18:28:01","modified_gmt":"2023-05-03T16:28:01","slug":"oud-wood-all-over-body-spray","status":"publish","type":"product","link":"https:\/\/gabrielagoffiprofumeria.com\/new\/product\/oud-wood-all-over-body-spray\/","title":{"rendered":"OUD WOOD ALL OVER BODY SPRAY"},"content":{"rendered":"<p>Il legno di oud \u00e8 uno dei pi\u00f9 rari, preziosi e costosi ingredienti disponibili per la profumeria. \u00c8 spesso bruciato nei templi pieni di incenso, coinvolgendo i sensi, la mente, il corpo e lo spirito. L&#8217;esotico legno di rosa e il cardamomo aggiungono una misteriosa aura fum\u00e9 a sandalo e vetiver. La fava tonka e l&#8217;ambra una calda sensualit\u00e0.<\/p>\n<p>&nbsp;<\/p>\n<p>TIPOLOGIA: Eau de Parfum<\/p>\n<p>FORMATO: 150 ml<\/p>\n","protected":false},"excerpt":{"rendered":"<p>Evocativo. Pungente. Sensuale.<\/p>\n","protected":false},"featured_media":69214,"comment_status":"open","ping_status":"closed","template":"","meta":[],"product_cat":[97],"product_tag":[176,108,110,189,190],"acf":[],"_links":{"self":[{"href":"https:\/\/gabrielagoffiprofumeria.com\/new\/wp-json\/wp\/v2\/product\/69211"}],"collection":[{"href":"https:\/\/gabrielagoffiprofumeria.com\/new\/wp-json\/wp\/v2\/product"}],"about":[{"href":"https:\/\/gabrielagoffiprofumeria.com\/new\/wp-json\/wp\/v2\/types\/product"}],"replies":[{"embeddable":true,"href":"https:\/\/gabrielagoffiprofumeria.com\/new\/wp-json\/wp\/v2\/comments?post=69211"}],"wp:featuredmedia":[{"embeddable":true,"href":"https:\/\/gabrielagoffiprofumeria.com\/new\/wp-json\/wp\/v2\/media\/69214"}],"wp:attachment":[{"href":"https:\/\/gabrielagoffiprofumeria.com\/new\/wp-json\/wp\/v2\/media?parent=69211"}],"wp:term":[{"taxonomy":"product_cat","embeddable":true,"href":"https:\/\/gabrielagoffiprofumeria.com\/new\/wp-json\/wp\/v2\/product_cat?post=69211"},{"taxonomy":"product_tag","embeddable":true,"href":"https:\/\/gabrielagoffiprofumeria.com\/new\/wp-json\/wp\/v2\/product_tag?post=69211"}],"curies":[{"name":"wp","href":"https:\/\/api.w.org\/{rel}","templated":true}]}}