{"id":69251,"date":"2020-03-23T16:59:48","date_gmt":"2020-03-23T15:59:48","guid":{"rendered":"http:\/\/gabrielagoffiprofumeria.com\/new\/?post_type=product&#038;p=69251"},"modified":"2024-09-11T18:19:15","modified_gmt":"2024-09-11T16:19:15","slug":"liola-exagerate","status":"publish","type":"product","link":"https:\/\/gabrielagoffiprofumeria.com\/new\/product\/liola-exagerate\/","title":{"rendered":"Liol\u00e0 Exagerate"},"content":{"rendered":"<div class=\"elementor-element elementor-element-54f4814 elementor-widget elementor-widget-heading\" data-id=\"54f4814\" data-element_type=\"widget\" data-widget_type=\"heading.default\">\n<div class=\"elementor-widget-container\">\n<h1 class=\"elementor-heading-title elementor-size-default\">EXAGERATE &#8211; LA RIVOLUZIONE<\/h1>\n<\/div>\n<\/div>\n<div class=\"elementor-element elementor-element-68f763c elementor-widget elementor-widget-text-editor\" data-id=\"68f763c\" data-element_type=\"widget\" data-widget_type=\"text-editor.default\">\n<div class=\"elementor-widget-container\">\n<p>Exagerate \u00e8 il cosmetico pi\u00f9 unico e lussuoso che i laboratori Liol\u00e0 Cosmetics abbiano mai realizzato<br \/>\nper idratare, rinfrescare e illuminare la pelle tutto il giorno.<\/p>\n<p>L\u2019elasticit\u00e0 e il tono della pelle sono stimolati per mantenere la pelle giovane pi\u00f9 a lungo<\/p>\n<div class=\"elementor-column elementor-col-50 elementor-inner-column elementor-element elementor-element-996ff5c\" data-id=\"996ff5c\" data-element_type=\"column\">\n<div class=\"elementor-widget-wrap elementor-element-populated\">\n<div class=\"elementor-element elementor-element-366fd57 elementor-widget elementor-widget-text-editor\" data-id=\"366fd57\" data-element_type=\"widget\" data-widget_type=\"text-editor.default\">\n<div class=\"elementor-widget-container\">\n<p>Contributo di oligoelementi (magnesio e zinco), ad azione rigenerante e tonificante; utile per la funzione vitale della pelle;<\/p>\n<p>Fornitura e fissaggio di molecole d\u2019acqua negli strati pi\u00f9 profondi della pelle,<\/p>\n<\/div>\n<\/div>\n<\/div>\n<\/div>\n<div class=\"elementor-column elementor-col-50 elementor-inner-column elementor-element elementor-element-2eafad7\" data-id=\"2eafad7\" data-element_type=\"column\">\n<div class=\"elementor-widget-wrap elementor-element-populated\">\n<div class=\"elementor-element elementor-element-87eb1c2 elementor-widget elementor-widget-heading\" data-id=\"87eb1c2\" data-element_type=\"widget\" data-widget_type=\"heading.default\">\n<div class=\"elementor-widget-container\">\n<h3 class=\"elementor-heading-title elementor-size-default\">IL RISULTATO<\/h3>\n<\/div>\n<\/div>\n<div class=\"elementor-element elementor-element-be6957d elementor-widget elementor-widget-text-editor\" data-id=\"be6957d\" data-element_type=\"widget\" data-widget_type=\"text-editor.default\">\n<div class=\"elementor-widget-container\">\n<p>La pelle si mantiene idratata, fresca e lucente per tutto il giorno*. Viene stimolata la rigenerazione cutanea per mantenere la pelle vitale**. L\u2019elasticit\u00e0 e il tono della pelle sono stimolati per mantenere la pelle giovane pi\u00f9 a lungo*. La resistenza alle aggressioni esterne \u00e8 aumentata per<br \/>\npelle pi\u00f9 sana e forte. ** La pelle irritata \u00e8 lenita. ***<\/p>\n<\/div>\n<\/div>\n<\/div>\n<\/div>\n<p><img loading=\"lazy\" width=\"300\" height=\"180\" class=\"alignnone size-medium wp-image-70987\" src=\"https:\/\/gabrielagoffiprofumeria.com\/new\/wp-content\/uploads\/2020\/03\/exagerate-300x180.png\" alt=\"\" srcset=\"https:\/\/gabrielagoffiprofumeria.com\/new\/wp-content\/uploads\/2020\/03\/exagerate-300x180.png 300w, https:\/\/gabrielagoffiprofumeria.com\/new\/wp-content\/uploads\/2020\/03\/exagerate-1024x614.png 1024w, https:\/\/gabrielagoffiprofumeria.com\/new\/wp-content\/uploads\/2020\/03\/exagerate-768x461.png 768w, https:\/\/gabrielagoffiprofumeria.com\/new\/wp-content\/uploads\/2020\/03\/exagerate-1536x922.png 1536w, https:\/\/gabrielagoffiprofumeria.com\/new\/wp-content\/uploads\/2020\/03\/exagerate-2048x1229.png 2048w, https:\/\/gabrielagoffiprofumeria.com\/new\/wp-content\/uploads\/2020\/03\/exagerate-750x450.png 750w, https:\/\/gabrielagoffiprofumeria.com\/new\/wp-content\/uploads\/2020\/03\/exagerate-600x360.png 600w\" sizes=\"(max-width: 300px) 100vw, 300px\" \/><\/p>\n<\/div>\n<\/div>\n","protected":false},"excerpt":{"rendered":"<div class=\"elementor-column elementor-col-50 elementor-inner-column elementor-element elementor-element-23d2a2b\" data-id=\"23d2a2b\" data-element_type=\"column\">\n<div class=\"elementor-widget-wrap elementor-element-populated\">\n<div class=\"elementor-element elementor-element-ed7d588 elementor-widget elementor-widget-heading\" data-id=\"ed7d588\" data-element_type=\"widget\" data-widget_type=\"heading.default\">\n<div class=\"elementor-widget-container\">\n<h3 class=\"elementor-heading-title elementor-size-default\">POLISACCARIDI<\/h3>\n<\/div>\n<\/div>\n<div class=\"elementor-element elementor-element-b5533b5 elementor-widget elementor-widget-text-editor\" data-id=\"b5533b5\" data-element_type=\"widget\" data-widget_type=\"text-editor.default\">\n<div class=\"elementor-widget-container\">\n<p>Ottenuti secondo un processo biotecnologico a partire da substrati di origine vegetale. Hanno la capacit\u00e0 di formare un film protettivo sulla superficie cutanea che rallenta l\u2019evaporazione dell\u2019acqua dagli strati profondi evitando la disidratazione. Sono usati come idratanti in molti prodotti per la cura della pelle, sia per il viso che per il corpo.<\/p>\n<\/div>\n<\/div>\n<\/div>\n<\/div>\n<div class=\"elementor-column elementor-col-50 elementor-inner-column elementor-element elementor-element-2509d58\" data-id=\"2509d58\" data-element_type=\"column\">\n<div class=\"elementor-widget-wrap elementor-element-populated\">\n<div class=\"elementor-element elementor-element-33ddaac elementor-widget elementor-widget-heading\" data-id=\"33ddaac\" data-element_type=\"widget\" data-widget_type=\"heading.default\">\n<div class=\"elementor-widget-container\">\n<h3 class=\"elementor-heading-title elementor-size-default\">OLIGOELEMENTI<\/h3>\n<\/div>\n<\/div>\n<div class=\"elementor-element elementor-element-c6c5d8e elementor-widget elementor-widget-text-editor\" data-id=\"c6c5d8e\" data-element_type=\"widget\" data-widget_type=\"text-editor.default\">\n<div class=\"elementor-widget-container\">\n<p>Magnesio e Zinco, ad azione rigenerante e tonificante; utile per la funzione vitale della pelle;<\/p>\n<\/div>\n<\/div>\n<\/div>\n<\/div>\n","protected":false},"featured_media":70987,"comment_status":"open","ping_status":"closed","template":"","meta":[],"product_cat":[97],"product_tag":[176,191,108,431,110],"acf":[],"_links":{"self":[{"href":"https:\/\/gabrielagoffiprofumeria.com\/new\/wp-json\/wp\/v2\/product\/69251"}],"collection":[{"href":"https:\/\/gabrielagoffiprofumeria.com\/new\/wp-json\/wp\/v2\/product"}],"about":[{"href":"https:\/\/gabrielagoffiprofumeria.com\/new\/wp-json\/wp\/v2\/types\/product"}],"replies":[{"embeddable":true,"href":"https:\/\/gabrielagoffiprofumeria.com\/new\/wp-json\/wp\/v2\/comments?post=69251"}],"wp:featuredmedia":[{"embeddable":true,"href":"https:\/\/gabrielagoffiprofumeria.com\/new\/wp-json\/wp\/v2\/media\/70987"}],"wp:attachment":[{"href":"https:\/\/gabrielagoffiprofumeria.com\/new\/wp-json\/wp\/v2\/media?parent=69251"}],"wp:term":[{"taxonomy":"product_cat","embeddable":true,"href":"https:\/\/gabrielagoffiprofumeria.com\/new\/wp-json\/wp\/v2\/product_cat?post=69251"},{"taxonomy":"product_tag","embeddable":true,"href":"https:\/\/gabrielagoffiprofumeria.com\/new\/wp-json\/wp\/v2\/product_tag?post=69251"}],"curies":[{"name":"wp","href":"https:\/\/api.w.org\/{rel}","templated":true}]}}