{"id":69263,"date":"2020-03-24T18:40:48","date_gmt":"2020-03-24T17:40:48","guid":{"rendered":"http:\/\/gabrielagoffiprofumeria.com\/new\/?post_type=product&#038;p=69263"},"modified":"2023-04-29T12:06:59","modified_gmt":"2023-04-29T10:06:59","slug":"black-orchid-parf","status":"publish","type":"product","link":"https:\/\/gabrielagoffiprofumeria.com\/new\/product\/black-orchid-parf\/","title":{"rendered":"BLACK ORCHID PARFUM"},"content":{"rendered":"<div class=\"product-detail-info\">\n<div class=\"product-detail-info__classifications\">\n<div>\n<div class=\"classification\"><span class=\"classification__item\">Senza microplastica, Senza silicone, Senza Olio di palma, Senza paraffina, Senza parabeni, Senza solfato, Senza ingredienti oleosi, Senza comedogeni, vegan, Senza glutine, Senza acetone, Senza pigmenti e coloranti, Senza lattosio, Senza tracce di noci, Per pelle sensibile, Senza ftalati, Senza ammoniaca<\/span><\/div>\n<\/div>\n<div>\n<div class=\"classification\"><span class=\"classification__item classification__item--bold\">\u00a0<\/span><\/div>\n<\/div>\n<\/div>\n<\/div>\n<div class=\"truncate product-details__description\">\n<div class=\"truncate__html-container\" data-testid=\"truncate-html-container\">\n<div class=\"\">\n<div>LA VERSIONE PI\u00d9 POTENTE DELL&#8217;ORCHIDEA NERA MAI REALIZZATA, BLACK ORCHID PARFUM AMPLIFICA LA SENSUALIT\u00c0 ICONICA DELLA FRAGRANZA ORIGINALE. IL SUO SENTORE AFRODISIACO SVELA IL PI\u00d9 SCURO ED ELUSIVO DEI FIORI ATTRAVERSO NUOVE DIMENSIONI ANCORA PIU\u2019 SEDUCENTI, CONFERMANDO IL POTERE DEL SUO STILE TRAMITE FIORI DI YLANG-YLANG IMMERSI IN RUM DORATO.<\/p>\n<p>NOTE OLFATTIVE: TARTUFO NERO, YLANG YLANG, ORCHIDEA NERA, PRUGNA NERA, ASSOLUTA DI RUM, PATCHOULI<\/p><\/div>\n<\/div>\n<\/div>\n<\/div>\n","protected":false},"excerpt":{"rendered":"<p>Senza microplastica, Senza silicone, Senza Olio di palma, Senza paraffina, Senza parabeni, Senza solfato, Senza ingredienti oleosi, Senza comedogeni, vegan, Senza glutine, Senza acetone, Senza pigmenti e coloranti, Senza lattosio, Senza tracce di noci, Per pelle sensibile, Senza ftalati, Senza ammoniaca \u00a0 LA VERSIONE PI\u00d9 POTENTE DELL&#8217;ORCHIDEA NERA MAI REALIZZATA, BLACK ORCHID PARFUM AMPLIFICA LA [&hellip;]<\/p>\n","protected":false},"featured_media":70885,"comment_status":"open","ping_status":"closed","template":"","meta":[],"product_cat":[97],"product_tag":[176,191,214,108,232,110],"acf":[],"_links":{"self":[{"href":"https:\/\/gabrielagoffiprofumeria.com\/new\/wp-json\/wp\/v2\/product\/69263"}],"collection":[{"href":"https:\/\/gabrielagoffiprofumeria.com\/new\/wp-json\/wp\/v2\/product"}],"about":[{"href":"https:\/\/gabrielagoffiprofumeria.com\/new\/wp-json\/wp\/v2\/types\/product"}],"replies":[{"embeddable":true,"href":"https:\/\/gabrielagoffiprofumeria.com\/new\/wp-json\/wp\/v2\/comments?post=69263"}],"wp:featuredmedia":[{"embeddable":true,"href":"https:\/\/gabrielagoffiprofumeria.com\/new\/wp-json\/wp\/v2\/media\/70885"}],"wp:attachment":[{"href":"https:\/\/gabrielagoffiprofumeria.com\/new\/wp-json\/wp\/v2\/media?parent=69263"}],"wp:term":[{"taxonomy":"product_cat","embeddable":true,"href":"https:\/\/gabrielagoffiprofumeria.com\/new\/wp-json\/wp\/v2\/product_cat?post=69263"},{"taxonomy":"product_tag","embeddable":true,"href":"https:\/\/gabrielagoffiprofumeria.com\/new\/wp-json\/wp\/v2\/product_tag?post=69263"}],"curies":[{"name":"wp","href":"https:\/\/api.w.org\/{rel}","templated":true}]}}