{"id":69302,"date":"2020-03-25T19:08:28","date_gmt":"2020-03-25T18:08:28","guid":{"rendered":"http:\/\/gabrielagoffiprofumeria.com\/new\/?post_type=product&#038;p=69302"},"modified":"2020-03-25T19:12:42","modified_gmt":"2020-03-25T18:12:42","slug":"le-decollete-creme-liftante-lumiere","status":"publish","type":"product","link":"https:\/\/gabrielagoffiprofumeria.com\/new\/product\/le-decollete-creme-liftante-lumiere\/","title":{"rendered":"Le D\u00e9collet\u00e9 Cr\u00e8me Liftante Lumi\u00e8re"},"content":{"rendered":"<h2 id=\"product-description-short-29\" class=\"product-description-short mt200 mt_xs50\">Trattamento rassodante per luminosit\u00e0 e giovinezza a lungo termine<\/h2>\n<div class=\"col-md-8 product-description text-justify\">\n<p>Attraverso l\u2019impiego di un doppio attivatore di collagene ed elastina, ottenuto tramite la tecnologia Advanced Skin Precursors, Le De\u0301collete\u0301 Cre\u0300me Liftante Lumie\u0300re rassoda e leviga le zone di collo e de\u0301collete\u0301. Tale prodotto protegge la pelle dal foto-invecchiamento e, allo stesso tempo, previene la perdita di elasticit\u00e0. I pigmenti soft focus illuminano immediatamente l\u2019incarnato.<\/p>\n<\/div>\n<p>&nbsp;<\/p>\n<p>FORMATO: 15 ml, 50ml<\/p>\n","protected":false},"excerpt":{"rendered":"<p>Trattamento rassodante per luminosit\u00e0 e giovinezza a lungo termine Attraverso l\u2019impiego di un doppio attivatore di collagene ed elastina, ottenuto tramite la tecnologia Advanced Skin Precursors, Le De\u0301collete\u0301 Cre\u0300me Liftante Lumie\u0300re rassoda e leviga le zone di collo e de\u0301collete\u0301. Tale prodotto protegge la pelle dal foto-invecchiamento e, allo stesso tempo, previene la perdita di [&hellip;]<\/p>\n","protected":false},"featured_media":69305,"comment_status":"open","ping_status":"closed","template":"","meta":[],"product_cat":[98],"product_tag":[133,173,198,156,199,191,130,142,143,148],"acf":[],"_links":{"self":[{"href":"https:\/\/gabrielagoffiprofumeria.com\/new\/wp-json\/wp\/v2\/product\/69302"}],"collection":[{"href":"https:\/\/gabrielagoffiprofumeria.com\/new\/wp-json\/wp\/v2\/product"}],"about":[{"href":"https:\/\/gabrielagoffiprofumeria.com\/new\/wp-json\/wp\/v2\/types\/product"}],"replies":[{"embeddable":true,"href":"https:\/\/gabrielagoffiprofumeria.com\/new\/wp-json\/wp\/v2\/comments?post=69302"}],"wp:featuredmedia":[{"embeddable":true,"href":"https:\/\/gabrielagoffiprofumeria.com\/new\/wp-json\/wp\/v2\/media\/69305"}],"wp:attachment":[{"href":"https:\/\/gabrielagoffiprofumeria.com\/new\/wp-json\/wp\/v2\/media?parent=69302"}],"wp:term":[{"taxonomy":"product_cat","embeddable":true,"href":"https:\/\/gabrielagoffiprofumeria.com\/new\/wp-json\/wp\/v2\/product_cat?post=69302"},{"taxonomy":"product_tag","embeddable":true,"href":"https:\/\/gabrielagoffiprofumeria.com\/new\/wp-json\/wp\/v2\/product_tag?post=69302"}],"curies":[{"name":"wp","href":"https:\/\/api.w.org\/{rel}","templated":true}]}}