{"id":69326,"date":"2020-03-26T18:41:10","date_gmt":"2020-03-26T17:41:10","guid":{"rendered":"http:\/\/gabrielagoffiprofumeria.com\/new\/?post_type=product&#038;p=69326"},"modified":"2020-03-26T19:03:08","modified_gmt":"2020-03-26T18:03:08","slug":"emulsion-re-equilibrante","status":"publish","type":"product","link":"https:\/\/gabrielagoffiprofumeria.com\/new\/product\/emulsion-re-equilibrante\/","title":{"rendered":"\u00c9mulsion R\u00e9-\u00c9quilibrante"},"content":{"rendered":"<h2 id=\"product-description-short-18\" class=\"product-description-short mt200 mt_xs50\">La soluzione efficace per una pelle in perfetta salute e un incarnato fresco<\/h2>\n<div class=\"col-md-8 product-description text-justify\">\n<p>Questa emulsione, particolarmente adatta alle pelli sensibili, lenisce e riequilibra perfettamente il microbiota cutaneo danneggiato dall\u2019inquinamento, dai cambiamenti ormonali o dallo stress, tutti responsabili dell\u2019invecchiamento prematuro e dei rossori cutanei. La pelle ritrova la sua salute ottimale, mentre guadagna in fermezza e idratazione.<\/p>\n<\/div>\n<p>&nbsp;<\/p>\n<p>FORMATO: 15 ml, 50ml<\/p>\n","protected":false},"excerpt":{"rendered":"<p>La soluzione efficace per una pelle in perfetta salute e un incarnato fresco Questa emulsione, particolarmente adatta alle pelli sensibili, lenisce e riequilibra perfettamente il microbiota cutaneo danneggiato dall\u2019inquinamento, dai cambiamenti ormonali o dallo stress, tutti responsabili dell\u2019invecchiamento prematuro e dei rossori cutanei. La pelle ritrova la sua salute ottimale, mentre guadagna in fermezza e [&hellip;]<\/p>\n","protected":false},"featured_media":69329,"comment_status":"open","ping_status":"closed","template":"","meta":[],"product_cat":[98],"product_tag":[147,198,191,146,130,160,203,202,204,129],"acf":[],"_links":{"self":[{"href":"https:\/\/gabrielagoffiprofumeria.com\/new\/wp-json\/wp\/v2\/product\/69326"}],"collection":[{"href":"https:\/\/gabrielagoffiprofumeria.com\/new\/wp-json\/wp\/v2\/product"}],"about":[{"href":"https:\/\/gabrielagoffiprofumeria.com\/new\/wp-json\/wp\/v2\/types\/product"}],"replies":[{"embeddable":true,"href":"https:\/\/gabrielagoffiprofumeria.com\/new\/wp-json\/wp\/v2\/comments?post=69326"}],"wp:featuredmedia":[{"embeddable":true,"href":"https:\/\/gabrielagoffiprofumeria.com\/new\/wp-json\/wp\/v2\/media\/69329"}],"wp:attachment":[{"href":"https:\/\/gabrielagoffiprofumeria.com\/new\/wp-json\/wp\/v2\/media?parent=69326"}],"wp:term":[{"taxonomy":"product_cat","embeddable":true,"href":"https:\/\/gabrielagoffiprofumeria.com\/new\/wp-json\/wp\/v2\/product_cat?post=69326"},{"taxonomy":"product_tag","embeddable":true,"href":"https:\/\/gabrielagoffiprofumeria.com\/new\/wp-json\/wp\/v2\/product_tag?post=69326"}],"curies":[{"name":"wp","href":"https:\/\/api.w.org\/{rel}","templated":true}]}}