{"id":69343,"date":"2020-03-26T19:12:18","date_gmt":"2020-03-26T18:12:18","guid":{"rendered":"http:\/\/gabrielagoffiprofumeria.com\/new\/?post_type=product&#038;p=69343"},"modified":"2021-08-28T11:49:15","modified_gmt":"2021-08-28T09:49:15","slug":"le-regard-2-0-serum","status":"publish","type":"product","link":"https:\/\/gabrielagoffiprofumeria.com\/new\/product\/le-regard-2-0-serum\/","title":{"rendered":"Le Regard 2.0 S\u00e9rum Liftant \u00c9clat"},"content":{"rendered":"<p>Sorprendentemente efficace, questo trattamento leviga immediatamente le rughe, migliora la luminosit\u00e0 cutanea e cancella i segni di fatica, promuovendo un contorno occhi radioso, ringiovanito e riposato.<\/p>\n<p>Oltre al suo miracoloso \u201ceffetto bellezza\u201d istantaneo, questo siero presenta anche delle eccellenti propriet\u00e0 anti-et\u00e0, riducendo la profondit\u00e0 delle rughe, la rugosit\u00e0 della pelle e rafforzandone la struttura.<\/p>\n<p>Al cuore della formula la tecnologia ASPRivoli\u00ae ed altri ingredienti attivi, in concentrazione ottimale, massimizzano l\u2019efficacia provata del trattamento Le Regard 2.0 S\u00e9rum Liftant \u00c9clat \u2013 Radiance &#038; Lifting Eye Serum che \u00e8 stato anche disegnato per essere sicuro e rispettoso dell\u2019ambiente:<\/p>\n<p>    La formula, \u201cpulita\u201d da siliconi ed altri ingredienti controversi, rispetta il microbiota cutaneo,<br \/>\n    Il prodotto \u00e8 testato oftalmologicamente e non contiene profumo,<br \/>\n    Il prodotto \u00e8 certificato vegano,<br \/>\n    Il packaging \u00e8 ancora pi\u00f9 sostenibile e riciclabile fino all\u201988%.<\/p>\n<p>\u201cGood for the skin and better for the planet\u201d<img loading=\"lazy\" width=\"300\" height=\"300\" src=\"https:\/\/gabrielagoffiprofumeria.com\/new\/wp-content\/uploads\/2020\/03\/serum-liftant-eclat-300x300.jpg\" alt=\"\" class=\"alignnone size-medium wp-image-70677\" srcset=\"https:\/\/gabrielagoffiprofumeria.com\/new\/wp-content\/uploads\/2020\/03\/serum-liftant-eclat-300x300.jpg 300w, https:\/\/gabrielagoffiprofumeria.com\/new\/wp-content\/uploads\/2020\/03\/serum-liftant-eclat-150x150.jpg 150w, https:\/\/gabrielagoffiprofumeria.com\/new\/wp-content\/uploads\/2020\/03\/serum-liftant-eclat-30x30.jpg 30w, https:\/\/gabrielagoffiprofumeria.com\/new\/wp-content\/uploads\/2020\/03\/serum-liftant-eclat.jpg 600w, https:\/\/gabrielagoffiprofumeria.com\/new\/wp-content\/uploads\/2020\/03\/serum-liftant-eclat-100x100.jpg 100w\" sizes=\"(max-width: 300px) 100vw, 300px\" \/><br \/>\nFORMATO: 15 ml<\/p>\n","protected":false},"excerpt":{"rendered":"<p>LIFTING<\/p>\n<p>L\u2019estratto di Sorgo, ricco in zuccheri, promuove un effetto lifting immediato. Esso crea un film invisibile che leviga la pelle del contorno occhi, riducendo visibilmente rughe e line sottili.<br \/>\nILLUMINANTE<\/p>\n<p>Un complesso performante composto da un estratto di Rheum rhaponticum (rabarbaro) e Panthenyl Triacetate (derivato del Pantenolo) riduce l\u2019iperpigmentazione cutanea, capace di scurire la pelle del contorno occhi, cos\u00ec promuovendone la radiosit\u00e0 e un aspetto pi\u00f9 fresco. Pigmenti perfezionatori blu-zaffiro e microsfere funzionali perfezionano e illuminano l\u2019incarnato.<br \/>\nIDRATANTE<\/p>\n<p>L\u2019intelligente combinazione di estratto di semi di tamarindo (anche noto come \u201cacido ialuronico vegetale\u201d) e un precursore ASPRivoli\u00ae composto da proteine d\u2019avena, Niacinamide e Adenosine Triphosphate, rinforza la struttura cutanea e contrasta la TEWL*, riducendo i segni dell\u2019invecchiamento e migliorando l\u2019idratazione e la compattezza cutanea.<\/p>\n<p>*Trans Epidermal Water Loss.<img loading=\"lazy\" width=\"300\" height=\"300\" src=\"https:\/\/gabrielagoffiprofumeria.com\/new\/wp-content\/uploads\/2020\/03\/serum-liftant-eclat-300x300.jpg\" alt=\"\" class=\"alignnone size-medium wp-image-70677\" srcset=\"https:\/\/gabrielagoffiprofumeria.com\/new\/wp-content\/uploads\/2020\/03\/serum-liftant-eclat-300x300.jpg 300w, https:\/\/gabrielagoffiprofumeria.com\/new\/wp-content\/uploads\/2020\/03\/serum-liftant-eclat-150x150.jpg 150w, https:\/\/gabrielagoffiprofumeria.com\/new\/wp-content\/uploads\/2020\/03\/serum-liftant-eclat-30x30.jpg 30w, https:\/\/gabrielagoffiprofumeria.com\/new\/wp-content\/uploads\/2020\/03\/serum-liftant-eclat.jpg 600w, https:\/\/gabrielagoffiprofumeria.com\/new\/wp-content\/uploads\/2020\/03\/serum-liftant-eclat-100x100.jpg 100w\" sizes=\"(max-width: 300px) 100vw, 300px\" \/><\/p>\n","protected":false},"featured_media":0,"comment_status":"open","ping_status":"closed","template":"","meta":[],"product_cat":[98],"product_tag":[133,173,191,174,130,157,135,204],"acf":[],"_links":{"self":[{"href":"https:\/\/gabrielagoffiprofumeria.com\/new\/wp-json\/wp\/v2\/product\/69343"}],"collection":[{"href":"https:\/\/gabrielagoffiprofumeria.com\/new\/wp-json\/wp\/v2\/product"}],"about":[{"href":"https:\/\/gabrielagoffiprofumeria.com\/new\/wp-json\/wp\/v2\/types\/product"}],"replies":[{"embeddable":true,"href":"https:\/\/gabrielagoffiprofumeria.com\/new\/wp-json\/wp\/v2\/comments?post=69343"}],"wp:attachment":[{"href":"https:\/\/gabrielagoffiprofumeria.com\/new\/wp-json\/wp\/v2\/media?parent=69343"}],"wp:term":[{"taxonomy":"product_cat","embeddable":true,"href":"https:\/\/gabrielagoffiprofumeria.com\/new\/wp-json\/wp\/v2\/product_cat?post=69343"},{"taxonomy":"product_tag","embeddable":true,"href":"https:\/\/gabrielagoffiprofumeria.com\/new\/wp-json\/wp\/v2\/product_tag?post=69343"}],"curies":[{"name":"wp","href":"https:\/\/api.w.org\/{rel}","templated":true}]}}