{"id":69346,"date":"2020-03-26T19:16:25","date_gmt":"2020-03-26T18:16:25","guid":{"rendered":"http:\/\/gabrielagoffiprofumeria.com\/new\/?post_type=product&#038;p=69346"},"modified":"2021-08-28T11:43:25","modified_gmt":"2021-08-28T09:43:25","slug":"le-regard","status":"publish","type":"product","link":"https:\/\/gabrielagoffiprofumeria.com\/new\/product\/le-regard\/","title":{"rendered":"LE REGARD 2.0 TRAITEMENT ULTRA CORRECTIF"},"content":{"rendered":"<p>Le Regard 2.0 Traitement Ultra Correctif \u00e8 un aggiornamento significativo della nostra precedente crema per il contorno occhi, Le Regard Cr\u00e8me Lissante \u2013 Smoothing Eye Cream.<\/p>\n<p>Al cuore della formula risiede la nostra ASPRivoli\u00ae technology, la quale gioca un ruolo chiave nella rigenerazione e nel ringiovanimento della pelle. Essa contiene inoltre un efficiente complesso vegetale anche usato nella medicina cinese e Ayurvedica da pi\u00f9 di un millennio, proprio per le sue propriet\u00e0 anti-et\u00e0 e decongestionanti.<\/p>\n<p>Grazie alla sua formula \u201cpulita\u201d ed un packaging riciclabile fino al 88%, questo trattamento \u00e8 tanto rispettoso della vostra pelle quanto dell\u2019ambiente.<img loading=\"lazy\" width=\"300\" height=\"300\" src=\"https:\/\/gabrielagoffiprofumeria.com\/new\/wp-content\/uploads\/2020\/03\/le-regard-20-300x300.jpg\" alt=\"\" class=\"alignnone size-medium wp-image-70675\" srcset=\"https:\/\/gabrielagoffiprofumeria.com\/new\/wp-content\/uploads\/2020\/03\/le-regard-20-300x300.jpg 300w, https:\/\/gabrielagoffiprofumeria.com\/new\/wp-content\/uploads\/2020\/03\/le-regard-20-150x150.jpg 150w, https:\/\/gabrielagoffiprofumeria.com\/new\/wp-content\/uploads\/2020\/03\/le-regard-20-30x30.jpg 30w, https:\/\/gabrielagoffiprofumeria.com\/new\/wp-content\/uploads\/2020\/03\/le-regard-20.jpg 600w, https:\/\/gabrielagoffiprofumeria.com\/new\/wp-content\/uploads\/2020\/03\/le-regard-20-100x100.jpg 100w\" sizes=\"(max-width: 300px) 100vw, 300px\" \/><br \/>\nFORMATO: 15 ml<\/p>\n","protected":false},"excerpt":{"rendered":"<p>ATTENUA BORSE E OCCHIAIE <\/p>\n<p>Un complesso composto dall\u2019estratto della corteccia di Frassino, Vitamina B3 e Silicium (maggiore componente di elastina e collagene) fortifica i capillari e migliora il microcircolo, prevenendo e riducendo l\u2019aspetto di occhiaie e borse.<br \/>\nRINGIOVANISCE<\/p>\n<p>Un intelligente attivo precursore, parte della ASPRivoli\u00ae technology, incentiva la sintesi di proteine cutanee, rinforzando la struttura della pelle e la sua relativa funzione barriera contro le aggressioni esterne e lo stress meccanico.<\/p>\n<p>Noto per le sue propriet\u00e0 anti-ossidanti, il resveratrolo, proveniente da vigneti francesi e ricco in tannini, migliora le capacit\u00e0 rigenerative della pelle, aiutando a contrastare i segni visibili di invecchiamento, quali rughe e linee sottili.<br \/>\nIDRATA<\/p>\n<p>L\u2019estratto di semi di tamarindo, alternativa vegetale all\u2019acido ialuronico, migliora il livello di idratazione della pelle, aumentandone l\u2019elasticit\u00e0.<\/p>\n","protected":false},"featured_media":0,"comment_status":"open","ping_status":"closed","template":"","meta":[],"product_cat":[98],"product_tag":[133,173,191,174,130,157,207,204],"acf":[],"_links":{"self":[{"href":"https:\/\/gabrielagoffiprofumeria.com\/new\/wp-json\/wp\/v2\/product\/69346"}],"collection":[{"href":"https:\/\/gabrielagoffiprofumeria.com\/new\/wp-json\/wp\/v2\/product"}],"about":[{"href":"https:\/\/gabrielagoffiprofumeria.com\/new\/wp-json\/wp\/v2\/types\/product"}],"replies":[{"embeddable":true,"href":"https:\/\/gabrielagoffiprofumeria.com\/new\/wp-json\/wp\/v2\/comments?post=69346"}],"wp:attachment":[{"href":"https:\/\/gabrielagoffiprofumeria.com\/new\/wp-json\/wp\/v2\/media?parent=69346"}],"wp:term":[{"taxonomy":"product_cat","embeddable":true,"href":"https:\/\/gabrielagoffiprofumeria.com\/new\/wp-json\/wp\/v2\/product_cat?post=69346"},{"taxonomy":"product_tag","embeddable":true,"href":"https:\/\/gabrielagoffiprofumeria.com\/new\/wp-json\/wp\/v2\/product_tag?post=69346"}],"curies":[{"name":"wp","href":"https:\/\/api.w.org\/{rel}","templated":true}]}}