{"id":69658,"date":"2020-03-30T19:09:59","date_gmt":"2020-03-30T17:09:59","guid":{"rendered":"http:\/\/gabrielagoffiprofumeria.com\/new\/?post_type=product&#038;p=69658"},"modified":"2022-03-01T18:20:58","modified_gmt":"2022-03-01T17:20:58","slug":"antaeus-deodorant-stick","status":"publish","type":"product","link":"https:\/\/gabrielagoffiprofumeria.com\/new\/product\/antaeus-deodorant-stick\/","title":{"rendered":"Antaeus Deodorant Stick"},"content":{"rendered":"<div class=\"fnb_description-left fnb_col-wd5\">\n<div class=\"row\">\n<div class=\"fnb_col-wd10 fnb_col-wd-offset-1 no-gutter\">\n<div class=\"tabComponent tabcomponent\">\n<div id=\"myTabContent\" class=\"tab-content\">\n<div id=\"description\" class=\"tab-pane fade active in\" role=\"tabpanel\">\n<div class=\"fnb_col-wd10 fnb_col-wd-offset-1 no-gutter\">\n<div class=\"tabComponent tabcomponent\">\n<div id=\"myTabContent\" class=\"tab-content\">\n<div id=\"description\" class=\"tab-pane fade active in\" role=\"tabpanel\">\n<div class=\"fnb_description-left fnb_col-wd5\">\n<div class=\"row\">\n<h3 class=\"fnb_text-4 fnb_font-1-b\">Ritratto<\/h3>\n<div class=\"fnb_text-4 fnb_font-2\">\n<p>Le note potenti e incisive di ANTAEUS in un deodorante stick. Una sensazione di freschezza immediata e un benessere duraturo.<\/p>\n<\/div>\n<\/div>\n<div class=\"row\">\n<h3 class=\"fnb_text-4 fnb_font-1-b\">Atmosfera olfattiva<\/h3>\n<div class=\"fnb_text-4 fnb_font-2\">\n<p>Un cuoio-aromatico potente e incisivo al tempo stesso.<br \/>\nUn&#8217;alchimia particolare tra la freschezza aromatica della lavanda e un accordo cuoio complesso e raro, esaltato dal legno e dalle spezie. Le note di cisto labdano, salvia sclarea e patchouli d&#8217;Indonesia arricchiscono la sua profumazione calda ed esotica.<\/p>\n<\/div>\n<\/div>\n<\/div>\n<div class=\"fnb_description-right fnb_col-wd5 fnb_col-wd-offset-2\">\n<div class=\"row\">\n<h3 class=\"fnb_text-4 fnb_font-1-b\">Ispirazione<\/h3>\n<div class=\"fnb_text-4 fnb_font-2\">\n<p>ANTAEUS celebra la virilit\u00e0 fugace di un eroe greco, invincibile solo finch\u00e8 i suoi piedi toccavano terra. Una mascolinit\u00e0 ricca di sfumature, tanto forte quanto sensibile. Una fragranza che crea contrasto fra il potere di un mito e la sensibilit\u00e0 di un uomo.<\/p>\n<\/div>\n<\/div>\n<div class=\"row\">\n<h3 class=\"fnb_text-4 fnb_font-1-b\">Arte della profumazione<\/h3>\n<div class=\"fnb_text-4 fnb_font-2\">\n<p>Le note potenti e incisive di ANTAEUS si esprimono in una gamma completa di prodotti per la rasatura e il corpo. Il deodorante stick dona una sensazione di freschezza immediata e un benessere duraturo. Ideale per un uso quotidiano, prolunga la persistenza della fragranza.<\/p>\n<p><i>Formula con alcool.<\/i><\/p>\n<\/div>\n<\/div>\n<\/div>\n<\/div>\n<\/div>\n<\/div>\n<\/div>\n<\/div>\n<\/div>\n<\/div>\n<\/div>\n<\/div>\n<\/div>\n<div class=\"fnb_description-right fnb_col-wd5 fnb_col-wd-offset-2\">\n<div class=\"row\">\n<p>formato: 35 ml<\/p>\n<\/div>\n<\/div>\n","protected":false},"excerpt":{"rendered":"<p>Ritratto Le note potenti e incisive di ANTAEUS in un deodorante stick. Una sensazione di freschezza immediata e un benessere duraturo. Atmosfera olfattiva Un cuoio-aromatico potente e incisivo al tempo stesso. Un&#8217;alchimia particolare tra la freschezza aromatica della lavanda e un accordo cuoio complesso e raro, esaltato dal legno e dalle spezie. Le note di [&hellip;]<\/p>\n","protected":false},"featured_media":0,"comment_status":"open","ping_status":"closed","template":"","meta":[],"product_cat":[97],"product_tag":[176,242,225,238,243,244,213,187],"acf":[],"_links":{"self":[{"href":"https:\/\/gabrielagoffiprofumeria.com\/new\/wp-json\/wp\/v2\/product\/69658"}],"collection":[{"href":"https:\/\/gabrielagoffiprofumeria.com\/new\/wp-json\/wp\/v2\/product"}],"about":[{"href":"https:\/\/gabrielagoffiprofumeria.com\/new\/wp-json\/wp\/v2\/types\/product"}],"replies":[{"embeddable":true,"href":"https:\/\/gabrielagoffiprofumeria.com\/new\/wp-json\/wp\/v2\/comments?post=69658"}],"wp:attachment":[{"href":"https:\/\/gabrielagoffiprofumeria.com\/new\/wp-json\/wp\/v2\/media?parent=69658"}],"wp:term":[{"taxonomy":"product_cat","embeddable":true,"href":"https:\/\/gabrielagoffiprofumeria.com\/new\/wp-json\/wp\/v2\/product_cat?post=69658"},{"taxonomy":"product_tag","embeddable":true,"href":"https:\/\/gabrielagoffiprofumeria.com\/new\/wp-json\/wp\/v2\/product_tag?post=69658"}],"curies":[{"name":"wp","href":"https:\/\/api.w.org\/{rel}","templated":true}]}}