{"id":69850,"date":"2020-04-03T19:01:08","date_gmt":"2020-04-03T17:01:08","guid":{"rendered":"http:\/\/gabrielagoffiprofumeria.com\/new\/?post_type=product&#038;p=69850"},"modified":"2025-07-10T11:00:18","modified_gmt":"2025-07-10T09:00:18","slug":"advanced-night-repair-serum","status":"publish","type":"product","link":"https:\/\/gabrielagoffiprofumeria.com\/new\/product\/advanced-night-repair-serum\/","title":{"rendered":"Advanced Night Repair Serum"},"content":{"rendered":"<p>Una potente azione di rinnovamento notturno per risvegliarti con una pelle radiosa e giovanile. Esalta la radiosit\u00e0 all&#8217;istante. Idrata intensamente.<b>Advanced Night Repair riduce notevolmente la presenza dei principali segni di invecchiamento.<\/b><\/p>\n<p>Massimizza il potere della naturale sincronizzazione del processo notturno di riparazione cutanea grazie alla nostra esclusiva Tecnologia ChronoluxCB\u2122. Contiene anche Acido Ialuronico, la &#8220;calamita dell&#8217;idratazione&#8221; presente in natura per aiutare a trattenere l&#8217;idratazione.<\/p>\n<p>Linee e rughe appaiono notevolmente ridotte. Oltre il 75% delle donne ha riscontrato un aspetto ringiovanito della propria pelle dopo appena 4 settimane. La pelle rimane pi\u00f9 liscia e morbida, meglio idratata e rafforzata. L&#8217;aspetto cutaneo \u00e8 ringiovanito, radioso, pi\u00f9 trasparente e uniforme nel tono. L&#8217;83% delle donne ha riscontrato un proprio aspetto cutaneo pi\u00f9 vitale, pi\u00f9 fresco, pi\u00f9 riposato dopo appena 4 settimane.<\/p>\n<p>Brevettato sino al 2033. Efficacia provata per tutti i tipi di pelle e carnagione.<\/p>\n<p>Applicare sulla pelle pulita prima della consueta formula idratante. Applicare alcune gocce. Stendere il prodotto sul viso e sul collo, con gesti delicati e uniformi per favorirne l&#8217;assorbimento.<\/p>\n<p>Applicare una goccia di prodotto su ogni polpastrello di una sola mano.<\/p>\n<p>Far combaciare i polpastrelli delle due mani.<\/p>\n<p>Stendere il siero su viso e collo con un massaggio, con movimenti dal centro verso l&#8217;esterno.<br \/>\nFORMATO: 30 ml, 50 ml, 75 ml<\/p>\n","protected":false},"excerpt":{"rendered":"<p>Una potente azione di rinnovamento notturno per risvegliarti con una pelle radiosa e giovanile. Esalta la radiosit\u00e0 all&#8217;istante. Idrata intensamente.Advanced Night Repair riduce notevolmente la presenza dei principali segni di invecchiamento. Massimizza il potere della naturale sincronizzazione del processo notturno di riparazione cutanea grazie alla nostra esclusiva Tecnologia ChronoluxCB\u2122. Contiene anche Acido Ialuronico, la &#8220;calamita [&hellip;]<\/p>\n","protected":false},"featured_media":69854,"comment_status":"open","ping_status":"closed","template":"","meta":[],"product_cat":[98],"product_tag":[291,221,191,130,209,197,135],"acf":[],"_links":{"self":[{"href":"https:\/\/gabrielagoffiprofumeria.com\/new\/wp-json\/wp\/v2\/product\/69850"}],"collection":[{"href":"https:\/\/gabrielagoffiprofumeria.com\/new\/wp-json\/wp\/v2\/product"}],"about":[{"href":"https:\/\/gabrielagoffiprofumeria.com\/new\/wp-json\/wp\/v2\/types\/product"}],"replies":[{"embeddable":true,"href":"https:\/\/gabrielagoffiprofumeria.com\/new\/wp-json\/wp\/v2\/comments?post=69850"}],"wp:featuredmedia":[{"embeddable":true,"href":"https:\/\/gabrielagoffiprofumeria.com\/new\/wp-json\/wp\/v2\/media\/69854"}],"wp:attachment":[{"href":"https:\/\/gabrielagoffiprofumeria.com\/new\/wp-json\/wp\/v2\/media?parent=69850"}],"wp:term":[{"taxonomy":"product_cat","embeddable":true,"href":"https:\/\/gabrielagoffiprofumeria.com\/new\/wp-json\/wp\/v2\/product_cat?post=69850"},{"taxonomy":"product_tag","embeddable":true,"href":"https:\/\/gabrielagoffiprofumeria.com\/new\/wp-json\/wp\/v2\/product_tag?post=69850"}],"curies":[{"name":"wp","href":"https:\/\/api.w.org\/{rel}","templated":true}]}}