{"id":69897,"date":"2020-04-04T17:14:47","date_gmt":"2020-04-04T15:14:47","guid":{"rendered":"http:\/\/gabrielagoffiprofumeria.com\/new\/?post_type=product&#038;p=69897"},"modified":"2023-06-01T11:50:33","modified_gmt":"2023-06-01T09:50:33","slug":"revitalizing-supreme-plus-wak","status":"publish","type":"product","link":"https:\/\/gabrielagoffiprofumeria.com\/new\/product\/revitalizing-supreme-plus-wak\/","title":{"rendered":"Revitalizing Supreme Plus Wakeup Balm"},"content":{"rendered":"<p>Il potere \u00e8 nella tua pelle.<\/p>\n<p>Per donare una radiosit\u00e0 istantanea al viso.<br \/>\nPer una pelle pi\u00f9 compatta, idratata e intensamente nutrita.<\/p>\n<p>Questo balsamo vellutato multi-azione combina le ultime tecnologie anti-et\u00e0 &#8211; inclusi gli estratti cellulari delle radici delle piante e la nostra esclusiva RevitaKey\u2122 Technology &#8211; con attivatori ottici di radiosit\u00e0.<br \/>\nLa pelle appare visibilmente pi\u00f9 compatta, ridensificata ed elastica, riducendo significativamente l&#8217;aspetto di linee sottili e rughe.<\/p>\n<p>Subito la pelle appare energizzata e vitale, riflettendo la tua radiosa vitalit\u00e0 interiore.<br \/>\nModo d&#8217;Uso<br \/>\nApplicare mattina e sera o quando desideri una radiosit\u00e0 istantanea. Utilizzabile da solo o con altri prodotti per il trattamento viso.<\/p>\n<p>Formato: 30 ml<\/p>\n","protected":false},"excerpt":{"rendered":"<p>Il potere \u00e8 nella tua pelle. Per donare una radiosit\u00e0 istantanea al viso. Per una pelle pi\u00f9 compatta, idratata e intensamente nutrita. Questo balsamo vellutato multi-azione combina le ultime tecnologie anti-et\u00e0 &#8211; inclusi gli estratti cellulari delle radici delle piante e la nostra esclusiva RevitaKey\u2122 Technology &#8211; con attivatori ottici di radiosit\u00e0. La pelle appare [&hellip;]<\/p>\n","protected":false},"featured_media":69899,"comment_status":"open","ping_status":"closed","template":"","meta":[],"product_cat":[98],"product_tag":[297,173,268,191,130,300,160],"acf":[],"_links":{"self":[{"href":"https:\/\/gabrielagoffiprofumeria.com\/new\/wp-json\/wp\/v2\/product\/69897"}],"collection":[{"href":"https:\/\/gabrielagoffiprofumeria.com\/new\/wp-json\/wp\/v2\/product"}],"about":[{"href":"https:\/\/gabrielagoffiprofumeria.com\/new\/wp-json\/wp\/v2\/types\/product"}],"replies":[{"embeddable":true,"href":"https:\/\/gabrielagoffiprofumeria.com\/new\/wp-json\/wp\/v2\/comments?post=69897"}],"wp:featuredmedia":[{"embeddable":true,"href":"https:\/\/gabrielagoffiprofumeria.com\/new\/wp-json\/wp\/v2\/media\/69899"}],"wp:attachment":[{"href":"https:\/\/gabrielagoffiprofumeria.com\/new\/wp-json\/wp\/v2\/media?parent=69897"}],"wp:term":[{"taxonomy":"product_cat","embeddable":true,"href":"https:\/\/gabrielagoffiprofumeria.com\/new\/wp-json\/wp\/v2\/product_cat?post=69897"},{"taxonomy":"product_tag","embeddable":true,"href":"https:\/\/gabrielagoffiprofumeria.com\/new\/wp-json\/wp\/v2\/product_tag?post=69897"}],"curies":[{"name":"wp","href":"https:\/\/api.w.org\/{rel}","templated":true}]}}