{"id":69934,"date":"2020-04-04T18:39:55","date_gmt":"2020-04-04T16:39:55","guid":{"rendered":"http:\/\/gabrielagoffiprofumeria.com\/new\/?post_type=product&#038;p=69934"},"modified":"2023-06-01T11:48:16","modified_gmt":"2023-06-01T09:48:16","slug":"re-nutriv-ultimate-diamond-sculpting-refinishing-dual","status":"publish","type":"product","link":"https:\/\/gabrielagoffiprofumeria.com\/new\/product\/re-nutriv-ultimate-diamond-sculpting-refinishing-dual\/","title":{"rendered":"Re-Nutriv Ultimate Diamond Sculpting\/Refinishing Dual"},"content":{"rendered":"<p>Un raro lusso. Una rara scoperta.<\/p>\n<p>Re-Nutriv scopre l&#8217;estratto del Tartufo Black Diamond, uno dei tesori pi\u00f9 rari e pregiati al mondo, con abilit\u00e0 provate nello stimolare la vitalit\u00e0 della pelle.<br \/>\nSpecialmente commissionato da Re-Nutriv, questo prezioso tartufo \u00e8 raccolto nella Francia sud-occidentale per poi essere trasformato in un potente infuso di energia, un diamante per la pelle.<\/p>\n<p>Solo Re-Nutriv avrebbe potuto abbinare la potente efficacia di un estratto tanto prezioso con gli ultimi prodigi scientifici.<br \/>\nIn RE-NUTRIV ULTIMATE DIAMOND SCULPTING\/REFINISHING DUAL INFUSION \u00e8 infusa una conquista scientifica rivoluzionaria mirata a ringiovanire l&#8217;incarnato e a promuoverne l&#8217;aspetto giovanile.<\/p>\n<p>RE-NUTRIV ULTIMATE DIAMOND SCULPTING\/REFINISHING DUAL INFUSION usa la sinergia di due deliziosi elisir inizialmente sigillati in contenitori diversi per salvaguardarne l&#8217;intensit\u00e0 dell&#8217;azione.<\/p>\n<p>La Fiala Dorata \u00e8 lo scrigno che protegge l&#8217;esclusivo Estratto di Tartufo Black Diamond,<\/p>\n<p>abilmente valorizzato con le tecnologie ringiovanenti Est\u00e9e Lauder grazie alle quali la pelle appare pi\u00f9 scolpita. La Fiala Platino, invece, contiene un mix di ingredienti di suprema efficacia levigante per donare perfezione e affinare la grana cutanea conferendole un look pi\u00f9 liscio, pi\u00f9 uniforme nel tono.<br \/>\nLa pelle avverte una sensazione di vellutata levigatezza e appare pi\u00f9 uniforme nel tono e luminosa in modo naturale.<\/p>\n<p>IL TUO RITUALE ULTIMATE DIAMOND<br \/>\n\u2022 Usare mattino e sera dopo la detersione, dispensa Dual Infusione nel palmo delle tue mani.<br \/>\n\u2022 Miscela bene i due elixir contenuti nelle due fiale dopodich\u00e8 applica sul viso evitando l&#8217;aerea del contorno occhi.<br \/>\n\u2022 completa il tuo rituale applicando la tua crema idratante Re-Nutriv<\/p>\n<p>Applicare sul palmo della mano, miscelando i due elisir. Seguire con il trattamento abituale<\/p>\n","protected":false},"excerpt":{"rendered":"<p>Un raro lusso. Una rara scoperta. Re-Nutriv scopre l&#8217;estratto del Tartufo Black Diamond, uno dei tesori pi\u00f9 rari e pregiati al mondo, con abilit\u00e0 provate nello stimolare la vitalit\u00e0 della pelle. Specialmente commissionato da Re-Nutriv, questo prezioso tartufo \u00e8 raccolto nella Francia sud-occidentale per poi essere trasformato in un potente infuso di energia, un diamante [&hellip;]<\/p>\n","protected":false},"featured_media":69936,"comment_status":"open","ping_status":"closed","template":"","meta":[],"product_cat":[98],"product_tag":[191,130,184,160,207,314],"acf":[],"_links":{"self":[{"href":"https:\/\/gabrielagoffiprofumeria.com\/new\/wp-json\/wp\/v2\/product\/69934"}],"collection":[{"href":"https:\/\/gabrielagoffiprofumeria.com\/new\/wp-json\/wp\/v2\/product"}],"about":[{"href":"https:\/\/gabrielagoffiprofumeria.com\/new\/wp-json\/wp\/v2\/types\/product"}],"replies":[{"embeddable":true,"href":"https:\/\/gabrielagoffiprofumeria.com\/new\/wp-json\/wp\/v2\/comments?post=69934"}],"wp:featuredmedia":[{"embeddable":true,"href":"https:\/\/gabrielagoffiprofumeria.com\/new\/wp-json\/wp\/v2\/media\/69936"}],"wp:attachment":[{"href":"https:\/\/gabrielagoffiprofumeria.com\/new\/wp-json\/wp\/v2\/media?parent=69934"}],"wp:term":[{"taxonomy":"product_cat","embeddable":true,"href":"https:\/\/gabrielagoffiprofumeria.com\/new\/wp-json\/wp\/v2\/product_cat?post=69934"},{"taxonomy":"product_tag","embeddable":true,"href":"https:\/\/gabrielagoffiprofumeria.com\/new\/wp-json\/wp\/v2\/product_tag?post=69934"}],"curies":[{"name":"wp","href":"https:\/\/api.w.org\/{rel}","templated":true}]}}