{"id":70170,"date":"2020-04-17T19:05:47","date_gmt":"2020-04-17T17:05:47","guid":{"rendered":"http:\/\/gabrielagoffiprofumeria.com\/new\/?post_type=product&#038;p=70170"},"modified":"2020-04-17T19:09:10","modified_gmt":"2020-04-17T17:09:10","slug":"repairwear-laser-focus-wrinkle-correcting-eye-cream","status":"publish","type":"product","link":"https:\/\/gabrielagoffiprofumeria.com\/new\/product\/repairwear-laser-focus-wrinkle-correcting-eye-cream\/","title":{"rendered":"Repairwear Laser Focus\u2122 Wrinkle Correcting Eye Cream"},"content":{"rendered":"<div class=\"abstract\"><b>Che cos&#8217;\u00e8<\/b><br \/>\nPotente crema per il contorno occhi con azione anti-rughe visibile.<\/p>\n<p><b>Benefici<\/b><br \/>\nUna crema ricca per la zona perioculare che diminuisce la presenza delle linee di disidratazione. Osserva il miglioramento su tutta la zona del contorno occhi. La formula anti-et\u00e0 rimpolpa e idrata, lasciando agli occhi un aspetto pi\u00f9 giovane e pi\u00f9 radioso. Oftalmologicamente testato.<\/div>\n<div class=\"ingredients_container\">\n<div class=\"ingredients\">\n<div class=\"ingredients__header\">Ingredienti<\/div>\n<div class=\"ingredients__content js-ingredients\">Water\\Aqua\\Eau , Squalane , Butylene Glycol , Ethylhexyl Palmitate , Glycerin , Caprylic\/Capric\/Myristic\/Stearic Triglyceride , Dimethicone , Methyl Gluceth-20 , Peg-100 Stearate , Cetyl Alcohol , Glyceryl Stearate , Peg-8 , Polymethylsilsesquioxane , Hydrogenated Lecithin , Hypnea Musciformis (Algae) Extract , Gellidiela Acerosa (Algae) Extract , Sigesbeckia Orientalis (St. Paul&#8217;S Wort) Extract , Crithmum Maritimum Extract , Hordeum Vulgare (Barley) Extract\\Extrait D&#8217;Orge , Chlorella Vulgaris Extract , Cucumis Sativus (Cucumber) Fruit Extract , Rosmarinus Officinalis (Rosemary) Leaf Extract , Padina Pavonica Thallus Extract , Laminaria Digitata Extract , Camellia Sinensis Leaf Extract , Saccharomyces Ferment Filtrate , Whey Protein\\Lactis Protein\\Prot\u00e9ine Du Petit-Lait , Hydrogenated Vegetable Oil , Micrococcus Lysate , Persea Gratissima (Avocado) Sterols , Ergothioneine , Biotin , Acetyl Glucosamine , Caffeine , Lecithin , Palmitoyl Oligopeptide , Glyceryl Polymethacrylate , Caprylic\/Capric Triglyceride , Polysilicone-11 , Propylene Glycol Dicaprate , Tocopheryl Acetate , Sucrose , Trehalose , Pentylene Glycol , Carbomer , Helianthus Annuus (Sunflower) Seedcake , Tromethamine , Phytosphingosine , Tetrahexyldecyl Ascorbate , Cholesterol , Zinc Pca , Hexylene Glycol , Hydroxyethylcellulose , Sodium Hyaluronate , Potassium Sulfate , Citric Acid , Caprylyl Glycol , Sodium Citrate , Disodium Distyrylbiphenyl Disulfonate , Disodium Edta , Phenoxyethanol , Titanium Dioxide (Ci 77891)<\/div>\n<\/div>\n<\/div>\n<p>&nbsp;<\/p>\n<div class=\"ingredients_container\">\n<div class=\"ingredients\">\n<div class=\"ingredients__disclaimer\">Si prega di notare che gli ingredienti possono cambiare o variare di volta in volta. Si prega di fare riferimento alla lista degli ingredienti riportata sulla confezione del prodotto.<\/div>\n<\/div>\n<\/div>\n<p><strong>Formato:\u00a0<\/strong> 15 ml<\/p>\n","protected":false},"excerpt":{"rendered":"<p>Che cos&#8217;\u00e8 Potente crema per il contorno occhi con azione anti-rughe visibile. Benefici Una crema ricca per la zona perioculare che diminuisce la presenza delle linee di disidratazione. Osserva il miglioramento su tutta la zona del contorno occhi. La formula anti-et\u00e0 rimpolpa e idrata, lasciando agli occhi un aspetto pi\u00f9 giovane e pi\u00f9 radioso. Oftalmologicamente [&hellip;]<\/p>\n","protected":false},"featured_media":70172,"comment_status":"open","ping_status":"closed","template":"","meta":[],"product_cat":[98],"product_tag":[320,301,191,130,232,339,197],"acf":[],"_links":{"self":[{"href":"https:\/\/gabrielagoffiprofumeria.com\/new\/wp-json\/wp\/v2\/product\/70170"}],"collection":[{"href":"https:\/\/gabrielagoffiprofumeria.com\/new\/wp-json\/wp\/v2\/product"}],"about":[{"href":"https:\/\/gabrielagoffiprofumeria.com\/new\/wp-json\/wp\/v2\/types\/product"}],"replies":[{"embeddable":true,"href":"https:\/\/gabrielagoffiprofumeria.com\/new\/wp-json\/wp\/v2\/comments?post=70170"}],"wp:featuredmedia":[{"embeddable":true,"href":"https:\/\/gabrielagoffiprofumeria.com\/new\/wp-json\/wp\/v2\/media\/70172"}],"wp:attachment":[{"href":"https:\/\/gabrielagoffiprofumeria.com\/new\/wp-json\/wp\/v2\/media?parent=70170"}],"wp:term":[{"taxonomy":"product_cat","embeddable":true,"href":"https:\/\/gabrielagoffiprofumeria.com\/new\/wp-json\/wp\/v2\/product_cat?post=70170"},{"taxonomy":"product_tag","embeddable":true,"href":"https:\/\/gabrielagoffiprofumeria.com\/new\/wp-json\/wp\/v2\/product_tag?post=70170"}],"curies":[{"name":"wp","href":"https:\/\/api.w.org\/{rel}","templated":true}]}}