{"id":70191,"date":"2020-04-18T17:43:01","date_gmt":"2020-04-18T15:43:01","guid":{"rendered":"http:\/\/gabrielagoffiprofumeria.com\/new\/?post_type=product&#038;p=70191"},"modified":"2020-04-18T17:46:18","modified_gmt":"2020-04-18T15:46:18","slug":"pep-start-2-in-1-exfoliating-cleanser","status":"publish","type":"product","link":"https:\/\/gabrielagoffiprofumeria.com\/new\/product\/pep-start-2-in-1-exfoliating-cleanser\/","title":{"rendered":"Pep Start\u2122 2-in-1 Exfoliating Cleanser"},"content":{"rendered":"<div class=\"benefits\"><span class=\"term\">Benefici: <\/span> <span class=\"list\">Un prodotto, due azioni: Detergente + esfoliante quotidiano.<\/span><\/div>\n<div class=\"abstract\">\n<p>Combinando l&#8217;azione di un detergente delicato con il potere di un esfoliante, questa formula 2-in-1 aiuta a rimuovere le impurit\u00e0, le cellule devitalizzate e l&#8217;eccesso di sebo, il risultato \u00e8 una pelle levigata e luminosa. Prepara la pelle per il makeup. \u00c8 cos\u00ec delicato che pu\u00f2 essere usato due volte al giorno.<\/p>\n<p><strong><br \/>\nModo d&#8217;uso:<\/strong><br \/>\nInumidire viso e mani.<br \/>\nVersare una piccola quantit\u00e0 di prodotto sulle mani, massaggiare fino a creare una schiuma, applicare poi sul viso massaggiando.<br \/>\nSciacquare bene, evitando la zona del contorno occhi.<br \/>\nProseguire con un idratante.<\/p>\n<\/div>\n<div class=\"ingredients_container\">\n<div class=\"ingredients\">\n<div class=\"ingredients__header\">Ingredienti<\/div>\n<div class=\"ingredients__content js-ingredients\">Water\\Aqua\\Eau, Glycerin, Sodium Laureth Sulfate, Silica, Acrylates Copolymer, Lauramidopropyl Betaine, Butylene Glycol, Sucrose, Cocamidopropyl Hydroxysultaine, Carica Papaya (Papaya) Fruit Extract, Bambusa Arundinacea (Bamboo) Stem Extract, Laminaria Saccharina Extract, Salicylic Acid, Palmitoyl Tetrapeptide-7, Palmitoyl Tripeptide-1, Caffeine, Sodium Hyaluronate, Acetyl Glucosamine, Sodium Coco Pg-Dimonium Chloride Phosphate, Polysorbate 20, Disodium Cocoyl Glutamate, Citric Acid, Sodium Cocoyl Glutamate, Laureth-2, Sodium Chloride, Sodium Hydroxide, Sodium Sulfate, Carbomer, Monosodium Citrate, Disodium Edta, Edta, Bht, Phenoxyethanol, Orange 4 (Ci 15510), Yellow 5 (Ci 19140), Red 4 (Ci 14700)<\/div>\n<div class=\"ingredients__disclaimer\">Si prega di notare che gli ingredienti possono cambiare o variare di volta in volta. Si prega di fare riferimento alla lista degli ingredienti riportata sulla confezione del prodotto.<\/div>\n<\/div>\n<\/div>\n<p>&nbsp;<\/p>\n<p><strong>Formato:\u00a0<\/strong> 125 ml<\/p>\n","protected":false},"excerpt":{"rendered":"<p>Benefici: Un prodotto, due azioni: Detergente + esfoliante quotidiano. Combinando l&#8217;azione di un detergente delicato con il potere di un esfoliante, questa formula 2-in-1 aiuta a rimuovere le impurit\u00e0, le cellule devitalizzate e l&#8217;eccesso di sebo, il risultato \u00e8 una pelle levigata e luminosa. Prepara la pelle per il makeup. \u00c8 cos\u00ec delicato che pu\u00f2 [&hellip;]<\/p>\n","protected":false},"featured_media":70193,"comment_status":"open","ping_status":"closed","template":"","meta":[],"product_cat":[98],"product_tag":[320,327,181,191],"acf":[],"_links":{"self":[{"href":"https:\/\/gabrielagoffiprofumeria.com\/new\/wp-json\/wp\/v2\/product\/70191"}],"collection":[{"href":"https:\/\/gabrielagoffiprofumeria.com\/new\/wp-json\/wp\/v2\/product"}],"about":[{"href":"https:\/\/gabrielagoffiprofumeria.com\/new\/wp-json\/wp\/v2\/types\/product"}],"replies":[{"embeddable":true,"href":"https:\/\/gabrielagoffiprofumeria.com\/new\/wp-json\/wp\/v2\/comments?post=70191"}],"wp:featuredmedia":[{"embeddable":true,"href":"https:\/\/gabrielagoffiprofumeria.com\/new\/wp-json\/wp\/v2\/media\/70193"}],"wp:attachment":[{"href":"https:\/\/gabrielagoffiprofumeria.com\/new\/wp-json\/wp\/v2\/media?parent=70191"}],"wp:term":[{"taxonomy":"product_cat","embeddable":true,"href":"https:\/\/gabrielagoffiprofumeria.com\/new\/wp-json\/wp\/v2\/product_cat?post=70191"},{"taxonomy":"product_tag","embeddable":true,"href":"https:\/\/gabrielagoffiprofumeria.com\/new\/wp-json\/wp\/v2\/product_tag?post=70191"}],"curies":[{"name":"wp","href":"https:\/\/api.w.org\/{rel}","templated":true}]}}