{"id":70253,"date":"2020-04-21T16:11:43","date_gmt":"2020-04-21T14:11:43","guid":{"rendered":"http:\/\/gabrielagoffiprofumeria.com\/new\/?post_type=product&#038;p=70253"},"modified":"2020-04-21T16:20:11","modified_gmt":"2020-04-21T14:20:11","slug":"clinique-fresh-pressed-clinical-daily-and-overnight-boosters-with-pure-vitamins-c-10-a-retinol","status":"publish","type":"product","link":"https:\/\/gabrielagoffiprofumeria.com\/new\/product\/clinique-fresh-pressed-clinical-daily-and-overnight-boosters-with-pure-vitamins-c-10-a-retinol\/","title":{"rendered":"Fresh Pressed Clinical\u2122 Daily and Overnight Boosters With Pure Vitamins C 10% + A (Retinol)"},"content":{"rendered":"<div class=\"abstract\"><\/div>\n<div class=\"ingredients_container\">\n<div class=\"ingredients\">\n<div class=\"ingredients__disclaimer\">\n<div class=\"skin-types-top\"><span class=\"term\">Tipi di pelle: <\/span> <span class=\"list\">Funziona su tutti i tipi di pelle<\/span><\/div>\n<div class=\"abstract\">\n<p>Che cos&#8217;\u00e8?<\/p>\n<p>Un sistema che presenta 2 attivatori di trattamento \u2013 uno per il giorno con Vitamina C fresca (Acido Ascorbico 10%) e uno per la notte con Vitamina A fresca (Retinolo) \u2013 che lavorano in sinergia per risultati evidenti, aiutando a ridurre l\u2019evidenza di linee e rughe dopo 12 settimane di utilizzo. Va poi oltre le linee e rughe, offrendo una riduzione visibile dei maggiori segni di invecchiamento.<\/p>\n<p>Cosa fa?<\/p>\n<p>Massima forza con il minimo di irritazioni: potenti dosi di pura Vitamina C al 10% (Acido Ascorbico) e Vitamina A (Retinolo) la cui efficacia \u00e8 provata per iniziare a trasformare la pelle gi\u00e0 dalla prima applicazione.<br \/>\n&#8211; Immediatamente: luminosit\u00e0 (fin dalla prima applicazione) &#8211; Dopo 1 settimana: la pelle \u00e8 pi\u00f9 liscia e la grana affinata<br \/>\n&#8211; Dopo 4 settimane: riduzione delle rughe sottili del viso<br \/>\n&#8211; Dopo 12 settimane: colorito della pelle pi\u00f9 uniforme e riduzione delle line profonde del viso e della fronte o Durante il giorno, la Vitamina C agisce durante le fasi di difesa cutanea per aiutare a neutralizzare i danni. Lavora sulla superficie della pelle rendendola luminosa, omogenea nel colorito e levigata. Interrompe i danni causati dai radicali liberi e difende dai danni futuri.<br \/>\nDi notte, durante la fase di rigenerazione cutanea, la Vitamina A penetra profondamente nella superficie cutanea. Nel tempo, aiuta la pelle a essere rivitalizzata, linee e rughe risultano riempite, e il colorito cutaneo \u00e8 reso pi\u00f9 uniforme. Aiuta a riparare visibilmente tutti i danni che si sono accumulati di giorno o nel passato cos\u00ec da risvegliarsi freschi al mattino.<br \/>\nLa Purezza \u00e8 la Filosofia di Clinique. Senza parabeni.<br \/>\nSenza ftalati. Senza profumo. Semplicemente una pelle felice.Note importanti sul prodotto:<\/p>\n<p>&#8211; Per usufruire pienamente della sua potenza, il prodotto deve essere utilizzato entro 7 giorni\/notti dall\u2019apertura. Se avanza ulteriore prodotto \u00e8 possibile usarlo ancora fino a un massimo di 14 giorni\/notti dopo l\u2019attivazione, ma la formula potrebbe scolorirsi e diminuire leggermente la sua efficacia per a causa della naturale ossidazione delle vitamine C e A.<br \/>\n&#8211; Durante le prime settimane di utilizzo, la pelle potrebbe risultare secca, arrossata o screpolata: sono tutti indicatori del fatto che la Vitamina A sta attivamente trasformando la pelle. Se l\u2019effetto persiste, si consiglia di continuare l\u2019applicazione a giorni alterni.<\/p>\n<\/div>\n<div class=\"ingredients_container\">\n<div class=\"ingredients\">\n<div class=\"ingredients__header\">Ingredienti<\/div>\n<div class=\"ingredients__content js-ingredients\">Water\\Aqua\\Eau, Ascorbic Acid, Glycerin, Dimethicone, Squalane, Butylene Glycol, Dipropylene Glycol, Acetyl Glucosamine, Cucumis Sativus (Cucumber) Fruit Extract, Hordeum Vulgare (Barley) Extract\\Extrait D&#8217;Orge, Morus Nigra (Mulberry) Root Extract, Molasses Extract\\Saccharum Officinarum\\Extrait De M\u00e9lasse, Laminaria Digitata Extract, Scutellaria Baicalensis Root Extract, Acetyl Hexapeptide-8, Vitis Vinifera (Grape) Fruit Extract, Algae Extract, Palmitoyl Hexapeptide-12, Palmitoyl Tripeptide-1, Palmitoyl Tetrapeptide-7, Alcaligenes Polysaccharides, Caffeine, Sucrose, Whey Protein\\Lactis Protein\\Prot\u00e9ine Du Petit-Lait, Betaine, Salicylic Acid, Glycine Soja (Soybean) Protein, Sodium Hyaluronate, Caprylyl Glycol, Sigesbeckia Orientalis (St. Paul&#8217;S Wort) Extract, Bis-Peg-18 Methyl Ether Dimethyl Silane, Propylene Glycol Dicaprate, Helianthus Annuus (Sunflower) Seedcake, Allyl Methacrylates Crosspolymer, Carbomer, Glyceryl Polymethacrylate, Tromethamine, Xanthan Gum, Potassium Sorbate, Peg-8, Polysorbate 20, Sodium Citrate, Disodium Edta, Phenoxyethanol Rds Product Name: Fresh Pressed O\/N Bstr W\/Pur Vit A Division: Cl (Clinique)Ingredients: Water\\Aqua\\Eau, Polysorbate 20, Dimethicone, Glycine Soja (Soybean) Oil, Butylene Glycol, Vinyl Dimethicone\/Methicone Silsesquioxane Crosspolymer, Methyl Trimethicone, Bis-Peg-18 Methyl Ether Dimethyl Silane, Lauryl Peg-9 Polydimethylsiloxyethyl Dimethicone, Glycerin, Polysilicone-11, Methyl Gluceth-20, Retinol, Salicylic Acid, Oenothera Biennis (Evening Primrose) Flower Extract, Laminaria Saccharina Extract, Gellidiella Acerosa Extract, Cholesterol, Salvia Sclarea (Clary) Extract, Caffeine, Sigesbeckia Orientalis (St. Paul&#8217;S Wort) Extract, Aminopropyl Ascorbyl Phosphate, Plankton Extract, Palmitoyl Hexapeptide-12, Glycine Soja (Soybean) Seed Extract, Micrococcus Lysate, Hypnea Musciformis (Algae) Extract, Acetyl Hexapeptide-8, Glycine Soja (Soybean) Protein, Tocopheryl Acetate, Whey Protein\\Lactis Protein\\Prot\u00e9ine Du Petit-Lait, Sodium Hyaluronate, Acetyl Glucosamine, Caprylyl Glycol, Carbomer, Glyceryl Polymethacrylate, Sodium Hydroxide, Peg-8, Xanthan Gum, Calcium Chloride, Ammonium Acryloyldimethyltaurate\/Vp Copolymer, Lecithin, Sodium Citrate, Disodium Edta, Bht, Sodium Benzoate, Phenoxyethanol<\/div>\n<div class=\"ingredients__disclaimer\">Si prega di notare che gli ingredienti possono cambiare o variare di volta in volta. Si prega di fare riferimento alla lista degli ingredienti riportata sulla confezione del prodotto.<\/div>\n<\/div>\n<\/div>\n<\/div>\n<\/div>\n<\/div>\n<p>&nbsp;<\/p>\n<p>&nbsp;<\/p>\n<p><strong>Formato:\u00a0<\/strong> 1 x 8,5 ml + 1 x 6 ml &#8211; 2 x 8,5 ml + 2 x 6 ml<\/p>\n","protected":false},"excerpt":{"rendered":"<p>Tipi di pelle: Funziona su tutti i tipi di pelle Che cos&#8217;\u00e8? Un sistema che presenta 2 attivatori di trattamento \u2013 uno per il giorno con Vitamina C fresca (Acido Ascorbico 10%) e uno per la notte con Vitamina A fresca (Retinolo) \u2013 che lavorano in sinergia per risultati evidenti, aiutando a ridurre l\u2019evidenza di [&hellip;]<\/p>\n","protected":false},"featured_media":70256,"comment_status":"open","ping_status":"closed","template":"","meta":[],"product_cat":[98],"product_tag":[320,297,191,129],"acf":[],"_links":{"self":[{"href":"https:\/\/gabrielagoffiprofumeria.com\/new\/wp-json\/wp\/v2\/product\/70253"}],"collection":[{"href":"https:\/\/gabrielagoffiprofumeria.com\/new\/wp-json\/wp\/v2\/product"}],"about":[{"href":"https:\/\/gabrielagoffiprofumeria.com\/new\/wp-json\/wp\/v2\/types\/product"}],"replies":[{"embeddable":true,"href":"https:\/\/gabrielagoffiprofumeria.com\/new\/wp-json\/wp\/v2\/comments?post=70253"}],"wp:featuredmedia":[{"embeddable":true,"href":"https:\/\/gabrielagoffiprofumeria.com\/new\/wp-json\/wp\/v2\/media\/70256"}],"wp:attachment":[{"href":"https:\/\/gabrielagoffiprofumeria.com\/new\/wp-json\/wp\/v2\/media?parent=70253"}],"wp:term":[{"taxonomy":"product_cat","embeddable":true,"href":"https:\/\/gabrielagoffiprofumeria.com\/new\/wp-json\/wp\/v2\/product_cat?post=70253"},{"taxonomy":"product_tag","embeddable":true,"href":"https:\/\/gabrielagoffiprofumeria.com\/new\/wp-json\/wp\/v2\/product_tag?post=70253"}],"curies":[{"name":"wp","href":"https:\/\/api.w.org\/{rel}","templated":true}]}}