{"id":70279,"date":"2020-04-21T17:33:51","date_gmt":"2020-04-21T15:33:51","guid":{"rendered":"http:\/\/gabrielagoffiprofumeria.com\/new\/?post_type=product&#038;p=70279"},"modified":"2020-04-21T17:42:36","modified_gmt":"2020-04-21T15:42:36","slug":"even-better-clinical-dark-spot-corrector-and-optimizer","status":"publish","type":"product","link":"https:\/\/gabrielagoffiprofumeria.com\/new\/product\/even-better-clinical-dark-spot-corrector-and-optimizer\/","title":{"rendered":"Even Better Clinical Dark Spot Corrector and Optimizer Antimacchie"},"content":{"rendered":"<div class=\"abstract\">\n<p>Il nostro siero dall&#8217;efficacia clinica attenua visibilmente le macchie scure.<\/p>\n<p><b>Benefici<\/b><br \/>\nEven Better Clinical Serum ha dimostrato di favorire la regressione delle macchie scure e dei segni di imperfezione presenti. L&#8217;incarnato apparir\u00e0 visibilmente pi\u00f9 luminoso. Le propriet\u00e0 lenitive dell&#8217;Optimizer mantengono la pelle alleviata, rafforzandola contro la comparsa di future macchie. Le due formule sono erogate da un flacone a doppia camera che separa ciascun siero, preservandone la purezza e la potenza degli ingredienti sino al momento prima dell&#8217;applicazione.<\/p>\n<p><b>Ingredienti principali \/ Tecnologia<\/b><br \/>\nIl nostro Complesso CL-302 contiene Vitamina C per favorire la riduzione della comparsa di discromie; un cocktail avanzato di Lieviti con effetto rischiarante per dissolvere la presenza delle macchie scure e Acido Salicilico incapsulato e Acetilglucosammina per esfoliare la pelle, accelerare la scomparsa delle discromie dalla superficie cutanea e aumentare il ricambio cellulare. Il siero Optimizer \u00e8 caratterizzato dal nostro Estratto di Gyokuro, un estratto speciale di t\u00e9 verde giapponese, ricco di propriet\u00e0 anti-ossidanti e anti-irritanti.<\/p>\n<\/div>\n<div class=\"ingredients_container\">\n<div class=\"ingredients\">\n<div class=\"ingredients__header\">Ingredienti<\/div>\n<div class=\"ingredients__content js-ingredients\">Water\\Aqua\\Eau , Dimethicone , Butylene Glycol , Isododecane , Cyclopentasiloxane , Polysilicone-11 , Ascorbyl Glucoside , Tromethamine , Pentylene Glycol , Curcuma Longa (Turmeric) Root Extract , Morus Bombycis (Mulberry) Root Extract , Cucumis Sativus (Cucumber) Fruit Extract , Betula Alba (Birch) Bark Extract , Scutellaria Baicalensis Root Extract , Trametes Versicolor Extract , Narcissus Tazetta Bulb Extract , Triticum Vulgare (Wheat) Germ Extract , Morus Nigra (Mulberry) Root Extract , Molasses Extract\\Saccharum Officinarum\\Extrait De M\u00e9lasse , Citrus Grandis (Grapefruit) Peel Extract , Hordeum Vulgare (Barley) Extract\\Extrait D&#8217;Orge , Salicylic Acid , Oryza Sativa (Rice) Bran Extract , Algae Extract , Caffeine , Gentiana Lutea (Gentian) Root Extract , Vitis Vinifera (Grape) Fruit Extract , Saccharomyces Lysate Extract , Camellia Sinensis Leaf Extract , Yeast Extract\\Faex\\Extrait De Levure , Hydrolyzed Rice Bran Extract , Hydrolyzed Prunus Domestica , Sorbitol , Cholesterol , Phospholipids , Dipotassium Glycyrrhizate , Di-C12-18 Alkyl Dimonium Chloride , Squalane , Peg-10 Dimethicone , Peg-6 , Glycerin , Sucrose , Polysorbate 20 , Tocopheryl Acetate , Isohexadecane , Acetyl Glucosamine , Propylene Glycol Dicaprate , Arginine , Helianthus Annuus (Sunflower) Seedcake , Sodium Rna , Caprylyl Glycol , Dimethoxytolyl Propylresorcinol , Glycyrrhetinic Acid , Sodium Hyaluronate , Polysorbate 80 , Ammonium Acryloyldimethyltaurate\/Vp Copolymer , Acrylamide\/Sodium Acryloyldimethyltaurate Copolymer , Carbomer , Potassium Sorbate , Sodium Hydroxide , Sodium Sulfite , Sodium Metabisulfite , Hexylene Glycol , Disodium Edta , Phenoxyethanol , Yellow 5 (Ci 19140) , Yellow 6 (Ci 15985) Rds Product Name: Even Better Clinical Dk Sp Cor+Opt Division: Cl (Clinique)Ingredients: Water\\Aqua\\Eau , Dimethicone , Cyclopentasiloxane , Butylene Glycol , Polysilicone-11 , Isododecane , Ascorbyl Glucoside , Tromethamine , Pentylene Glycol , Curcuma Longa (Turmeric) Root Extract , Morus Bombycis (Mulberry) Root Extract , Cucumis Sativus (Cucumber) Fruit Extract , Betula Alba (Birch) Bark Extract , Scutellaria Baicalensis Root Extract , Trametes Versicolor Extract , Narcissus Tazetta Bulb Extract , Triticum Vulgare (Wheat) Germ Extract , Molasses Extract\\Saccharum Officinarum\\Extrait De M\u00e9lasse , Citrus Grandis (Grapefruit) Peel Extract , Hordeum Vulgare (Barley) Extract\\Extrait D&#8217;Orge , Salicylic Acid , Oryza Sativa (Rice) Bran Extract , Algae Extract , Caffeine , Gentiana Lutea (Gentian) Root Extract , Saccharomyces Lysate Extract , Camellia Sinensis Leaf Extract , Yeast Extract\\Faex\\Extrait De Levure , Hydrolyzed Rice Bran Extract , Hydrolyzed Prunus Domestica , Sorbitol , Cholesterol , Phospholipids , Dipotassium Glycyrrhizate , Di-C12-18 Alkyl Dimonium Chloride , Squalane , Peg-10 Dimethicone , Peg-6 , Glycerin , Sucrose , Polysorbate 20 , Tocopheryl Acetate , Isohexadecane , Acetyl Glucosamine , Propylene Glycol Dicaprate , Arginine , Helianthus Annuus (Sunflower) Seedcake , Sodium Rna , Caprylyl Glycol , Dimethoxytolyl Propylresorcinol , Glycyrrhetinic Acid , Sodium Hyaluronate , Polysorbate 80 , Ammonium Acryloyldimethyltaurate\/Vp Copolymer , Acrylamide\/Sodium Acryloyldimethyltaurate Copolymer , Carbomer , Potassium Sorbate , Sodium Hydroxide , Sodium Sulfite , Sodium Metabisulfite , Hexylene Glycol , Disodium Edta , Phenoxyethanol , Yellow 5 (Ci 19140) , Yellow 6 (Ci 15985)<\/div>\n<\/div>\n<\/div>\n<p>&nbsp;<\/p>\n<p>&nbsp;<\/p>\n<p><strong>Formato:\u00a0<\/strong> 30 ml, 50 ml<\/p>\n","protected":false},"excerpt":{"rendered":"<p>Il nostro siero dall&#8217;efficacia clinica attenua visibilmente le macchie scure. Benefici Even Better Clinical Serum ha dimostrato di favorire la regressione delle macchie scure e dei segni di imperfezione presenti. L&#8217;incarnato apparir\u00e0 visibilmente pi\u00f9 luminoso. Le propriet\u00e0 lenitive dell&#8217;Optimizer mantengono la pelle alleviata, rafforzandola contro la comparsa di future macchie. Le due formule sono erogate [&hellip;]<\/p>\n","protected":false},"featured_media":70281,"comment_status":"open","ping_status":"closed","template":"","meta":[],"product_cat":[98],"product_tag":[320,352,191,135,129],"acf":[],"_links":{"self":[{"href":"https:\/\/gabrielagoffiprofumeria.com\/new\/wp-json\/wp\/v2\/product\/70279"}],"collection":[{"href":"https:\/\/gabrielagoffiprofumeria.com\/new\/wp-json\/wp\/v2\/product"}],"about":[{"href":"https:\/\/gabrielagoffiprofumeria.com\/new\/wp-json\/wp\/v2\/types\/product"}],"replies":[{"embeddable":true,"href":"https:\/\/gabrielagoffiprofumeria.com\/new\/wp-json\/wp\/v2\/comments?post=70279"}],"wp:featuredmedia":[{"embeddable":true,"href":"https:\/\/gabrielagoffiprofumeria.com\/new\/wp-json\/wp\/v2\/media\/70281"}],"wp:attachment":[{"href":"https:\/\/gabrielagoffiprofumeria.com\/new\/wp-json\/wp\/v2\/media?parent=70279"}],"wp:term":[{"taxonomy":"product_cat","embeddable":true,"href":"https:\/\/gabrielagoffiprofumeria.com\/new\/wp-json\/wp\/v2\/product_cat?post=70279"},{"taxonomy":"product_tag","embeddable":true,"href":"https:\/\/gabrielagoffiprofumeria.com\/new\/wp-json\/wp\/v2\/product_tag?post=70279"}],"curies":[{"name":"wp","href":"https:\/\/api.w.org\/{rel}","templated":true}]}}