{"id":70290,"date":"2020-04-21T17:46:17","date_gmt":"2020-04-21T15:46:17","guid":{"rendered":"http:\/\/gabrielagoffiprofumeria.com\/new\/?post_type=product&#038;p=70290"},"modified":"2022-03-01T18:21:44","modified_gmt":"2022-03-01T17:21:44","slug":"anti-blemish-solutions-clinical-clearing-gel","status":"publish","type":"product","link":"https:\/\/gabrielagoffiprofumeria.com\/new\/product\/anti-blemish-solutions-clinical-clearing-gel\/","title":{"rendered":"Anti-blemish Cleansing gel"},"content":{"rendered":"<div class=\"benefits\"><span class=\"term\">Benefici: <\/span> <span class=\"list\">Aiuta a ridurre l\u2019aspetto di punti neri e imperfezioni.<\/span><\/div>\n<div class=\"abstract\">Gel detergente privo di oli che aiuta a ridurre le eruzioni cutanee. Rimuove le impurit\u00e0 e aiuta a controllare l&#8217;eccesso di sebo . La pelle apparir\u00e0 fresca, morbida e levigata. Pu\u00f2 essere usato anche sul corpo.<br \/>\nLa nostra filosofia di purezza.<br \/>\nSemplici. Sicuri. Efficaci.<br \/>\nSempre formulati per il massimo dei risultati, senza irritazioni.<br \/>\nProvato contro le allergie.<br \/>\nPrivo di profumo al 100%<\/div>\n<div class=\"ingredients_container\">\n<div class=\"ingredients\">\n<div class=\"ingredients__header\">Ingredienti<\/div>\n<div class=\"ingredients__content js-ingredients\">Water\\Aqua\\Eau, Glycerin, Sodium Laureth Sulfate, Sodium Chloride, Lauramidopropyl Betaine, Butylene Glycol, Sucrose, Salicylic Acid, Gentiana Lutea (Gentian) Root Extract, Laminaria Saccharina Extract, Caffeine, Sodium Hyaluronate, Acetyl Glucosamine, Laureth-2, Peg-120 Methyl Glucose Dioleate, Sodium Sulfate, Benzophenone-4, Sodium Hydroxide, Edta, Disodium Edta, Bht, Phenoxyethanol, Blue 1 (Ci 42090)<\/div>\n<\/div>\n<\/div>\n<p>&nbsp;<\/p>\n<div class=\"ingredients_container\">\n<div class=\"ingredients\">\n<div class=\"ingredients__disclaimer\">Si prega di notare che gli ingredienti possono cambiare o variare di volta in volta. Si prega di fare riferimento alla lista degli ingredienti riportata sulla confezione del prodotto.<\/div>\n<\/div>\n<\/div>\n<p>&nbsp;<\/p>\n<p><strong>Formato:\u00a0<\/strong> 125 ml<\/p>\n","protected":false},"excerpt":{"rendered":"<p>Benefici: Aiuta a ridurre l\u2019aspetto di punti neri e imperfezioni. Gel detergente privo di oli che aiuta a ridurre le eruzioni cutanee. Rimuove le impurit\u00e0 e aiuta a controllare l&#8217;eccesso di sebo . La pelle apparir\u00e0 fresca, morbida e levigata. Pu\u00f2 essere usato anche sul corpo. La nostra filosofia di purezza. Semplici. Sicuri. Efficaci. Sempre [&hellip;]<\/p>\n","protected":false},"featured_media":70292,"comment_status":"open","ping_status":"closed","template":"","meta":[],"product_cat":[98],"product_tag":[320,181,191,186,129],"acf":[],"_links":{"self":[{"href":"https:\/\/gabrielagoffiprofumeria.com\/new\/wp-json\/wp\/v2\/product\/70290"}],"collection":[{"href":"https:\/\/gabrielagoffiprofumeria.com\/new\/wp-json\/wp\/v2\/product"}],"about":[{"href":"https:\/\/gabrielagoffiprofumeria.com\/new\/wp-json\/wp\/v2\/types\/product"}],"replies":[{"embeddable":true,"href":"https:\/\/gabrielagoffiprofumeria.com\/new\/wp-json\/wp\/v2\/comments?post=70290"}],"wp:featuredmedia":[{"embeddable":true,"href":"https:\/\/gabrielagoffiprofumeria.com\/new\/wp-json\/wp\/v2\/media\/70292"}],"wp:attachment":[{"href":"https:\/\/gabrielagoffiprofumeria.com\/new\/wp-json\/wp\/v2\/media?parent=70290"}],"wp:term":[{"taxonomy":"product_cat","embeddable":true,"href":"https:\/\/gabrielagoffiprofumeria.com\/new\/wp-json\/wp\/v2\/product_cat?post=70290"},{"taxonomy":"product_tag","embeddable":true,"href":"https:\/\/gabrielagoffiprofumeria.com\/new\/wp-json\/wp\/v2\/product_tag?post=70290"}],"curies":[{"name":"wp","href":"https:\/\/api.w.org\/{rel}","templated":true}]}}