{"id":70314,"date":"2020-04-21T18:51:28","date_gmt":"2020-04-21T16:51:28","guid":{"rendered":"http:\/\/gabrielagoffiprofumeria.com\/new\/?post_type=product&#038;p=70314"},"modified":"2020-04-21T18:54:44","modified_gmt":"2020-04-21T16:54:44","slug":"sparkle-skin-body-exfoliator","status":"publish","type":"product","link":"https:\/\/gabrielagoffiprofumeria.com\/new\/product\/sparkle-skin-body-exfoliator\/","title":{"rendered":"Sparkle Skin\u2122 Body Exfoliator"},"content":{"rendered":"<div class=\"abstract\">\n<p>Un prodotto per chi \u00e8 alla ricerca di una carica vitale che dalla pelle sale alla mente. La sua formula \u00e8 stata studiata per esfoliare e rimuovere le cellule morte e le impurit\u00e0 dell&#8217;epidermide, donando energia e morbidezza.<\/p>\n<p>La nostra filosofia di purezza.<br \/>\nSemplici. Sicuri. Efficaci.<br \/>\nSempre formulati per il massimo dei risultati, senza irritazioni.<br \/>\nProvato contro le allergie.<br \/>\nPrivo di profumo al 100%<\/p><\/div>\n<div class=\"ingredients_container\">\n<div class=\"ingredients\">\n<div class=\"ingredients__header\">Ingredienti<\/div>\n<div class=\"ingredients__content js-ingredients\">Water\\Aqua\\Eau, Silica, Sodium Methyl Cocoyl Taurate, Hexylene Glycol, Glycerin, Triethanolamine, Aloe Barbadensis Leaf Juice, Dimethicone Peg-8 Beeswax, Peg-20 Methyl Glucose Sesquistearate, Acrylates\/C10-30 Alkyl Acrylate Crosspolymer, Urea, Hydroxypropyl Methylcellulose, Butylene Glycol, Caprylyl Glycol, Disodium Edta, Phenoxyethanol, Blue 1 (Ci 42090), Yellow 5 (Ci 19140), Green 5 (Ci 61570)<\/div>\n<\/div>\n<\/div>\n<p>&nbsp;<\/p>\n<p><strong>Formato:\u00a0<\/strong> 200 ml<\/p>\n","protected":false},"excerpt":{"rendered":"<p>Un prodotto per chi \u00e8 alla ricerca di una carica vitale che dalla pelle sale alla mente. La sua formula \u00e8 stata studiata per esfoliare e rimuovere le cellule morte e le impurit\u00e0 dell&#8217;epidermide, donando energia e morbidezza. La nostra filosofia di purezza. Semplici. Sicuri. Efficaci. Sempre formulati per il massimo dei risultati, senza irritazioni. [&hellip;]<\/p>\n","protected":false},"featured_media":70316,"comment_status":"open","ping_status":"closed","template":"","meta":[],"product_cat":[98],"product_tag":[320,176,191,134],"acf":[],"_links":{"self":[{"href":"https:\/\/gabrielagoffiprofumeria.com\/new\/wp-json\/wp\/v2\/product\/70314"}],"collection":[{"href":"https:\/\/gabrielagoffiprofumeria.com\/new\/wp-json\/wp\/v2\/product"}],"about":[{"href":"https:\/\/gabrielagoffiprofumeria.com\/new\/wp-json\/wp\/v2\/types\/product"}],"replies":[{"embeddable":true,"href":"https:\/\/gabrielagoffiprofumeria.com\/new\/wp-json\/wp\/v2\/comments?post=70314"}],"wp:featuredmedia":[{"embeddable":true,"href":"https:\/\/gabrielagoffiprofumeria.com\/new\/wp-json\/wp\/v2\/media\/70316"}],"wp:attachment":[{"href":"https:\/\/gabrielagoffiprofumeria.com\/new\/wp-json\/wp\/v2\/media?parent=70314"}],"wp:term":[{"taxonomy":"product_cat","embeddable":true,"href":"https:\/\/gabrielagoffiprofumeria.com\/new\/wp-json\/wp\/v2\/product_cat?post=70314"},{"taxonomy":"product_tag","embeddable":true,"href":"https:\/\/gabrielagoffiprofumeria.com\/new\/wp-json\/wp\/v2\/product_tag?post=70314"}],"curies":[{"name":"wp","href":"https:\/\/api.w.org\/{rel}","templated":true}]}}