{"id":70725,"date":"2021-10-08T17:57:45","date_gmt":"2021-10-08T15:57:45","guid":{"rendered":"https:\/\/gabrielagoffiprofumeria.com\/new\/?post_type=product&#038;p=70725"},"modified":"2024-02-15T14:30:05","modified_gmt":"2024-02-15T13:30:05","slug":"arboreo-eau-de-parfum","status":"publish","type":"product","link":"https:\/\/gabrielagoffiprofumeria.com\/new\/product\/arboreo-eau-de-parfum\/","title":{"rendered":"ARBOREO Eau de Parfum"},"content":{"rendered":"<p align=\"CENTER\"><span style=\"font-family: Centaur, serif;\"><span style=\"font-size: large;\">ARBOREO<\/span><\/span><\/p>\n<p align=\"CENTER\"><span style=\"font-family: Centaur, serif;\"><span style=\"font-size: medium;\">Eau de Parfum MAN \/ WOMAN<\/span><\/span><\/p>\n<p align=\"CENTER\">\u201c\u00a0<span style=\"font-family: Centaur, serif;\"><span style=\"font-size: medium;\">[vc. dotta, lat.\u00a0<i>arboreus<\/i>\u00a0da\u00a0<i>arbor<\/i>\u00a0\u2018albero\u2019 1485]\u00a0<b>agg<\/b><span style=\"font-size: xx-large;\"><b>.<\/b><\/span>\u00a0Che ha qualit\u00e0 o forma di albero \u201c<\/span><\/span><\/p>\n<p><span style=\"font-family: Centaur, serif;\"><span style=\"font-size: medium;\">E come gli alberi che ci circondano per chilometri e chilometri, questa nostra Eau de Parfum affonda la sua storia nella terra, nel nostro passato e protende la sua chioma verso il cielo, verso il futuro, ed evoca sensazioni che ci appartengono da sempre e che ci spingono sempre a cercare nuove vie e nuove possibilit\u00e0<\/span><\/span><\/p>\n<p><span style=\"font-family: Centaur, serif;\"><span style=\"font-size: medium;\">disponibile in confezione da 50 ml e 100 ml, l\u2019immagine \u00e8 come sempre sobria e minimalista, esaltando cos\u00ec la purezza delle linee e l&#8217;alta qualit\u00e0 della confezione, realizzata il pi\u00f9 possibile con materiali naturali, sostenibili, riciclati ed ecocompatibili cellophane-free<\/span><\/span><\/p>\n<p><img loading=\"lazy\" width=\"300\" height=\"300\" class=\"alignnone size-medium wp-image-70791\" src=\"https:\/\/gabrielagoffiprofumeria.com\/new\/wp-content\/uploads\/2021\/10\/1-300x300.jpg\" alt=\"\" srcset=\"https:\/\/gabrielagoffiprofumeria.com\/new\/wp-content\/uploads\/2021\/10\/1-300x300.jpg 300w, https:\/\/gabrielagoffiprofumeria.com\/new\/wp-content\/uploads\/2021\/10\/1-1024x1024.jpg 1024w, https:\/\/gabrielagoffiprofumeria.com\/new\/wp-content\/uploads\/2021\/10\/1-150x150.jpg 150w, https:\/\/gabrielagoffiprofumeria.com\/new\/wp-content\/uploads\/2021\/10\/1-768x768.jpg 768w, https:\/\/gabrielagoffiprofumeria.com\/new\/wp-content\/uploads\/2021\/10\/1-600x600.jpg 600w, https:\/\/gabrielagoffiprofumeria.com\/new\/wp-content\/uploads\/2021\/10\/1-100x100.jpg 100w, https:\/\/gabrielagoffiprofumeria.com\/new\/wp-content\/uploads\/2021\/10\/1.jpg 1500w\" sizes=\"(max-width: 300px) 100vw, 300px\" \/><\/p>\n<p>&nbsp;<\/p>\n","protected":false},"excerpt":{"rendered":"<p>ARBOREO Eau de Parfum MAN \/ WOMAN \u201c\u00a0[vc. dotta, lat.\u00a0arboreus\u00a0da\u00a0arbor\u00a0\u2018albero\u2019 1485]\u00a0agg.\u00a0Che ha qualit\u00e0 o forma di albero \u201c E come gli alberi che ci circondano per chilometri e chilometri, questa nostra Eau de Parfum affonda la sua storia nella terra, nel nostro passato e protende la sua chioma verso il cielo, verso il futuro, ed [&hellip;]<\/p>\n","protected":false},"featured_media":70795,"comment_status":"closed","ping_status":"closed","template":"","meta":[],"product_cat":[97],"product_tag":[],"acf":[],"_links":{"self":[{"href":"https:\/\/gabrielagoffiprofumeria.com\/new\/wp-json\/wp\/v2\/product\/70725"}],"collection":[{"href":"https:\/\/gabrielagoffiprofumeria.com\/new\/wp-json\/wp\/v2\/product"}],"about":[{"href":"https:\/\/gabrielagoffiprofumeria.com\/new\/wp-json\/wp\/v2\/types\/product"}],"replies":[{"embeddable":true,"href":"https:\/\/gabrielagoffiprofumeria.com\/new\/wp-json\/wp\/v2\/comments?post=70725"}],"wp:featuredmedia":[{"embeddable":true,"href":"https:\/\/gabrielagoffiprofumeria.com\/new\/wp-json\/wp\/v2\/media\/70795"}],"wp:attachment":[{"href":"https:\/\/gabrielagoffiprofumeria.com\/new\/wp-json\/wp\/v2\/media?parent=70725"}],"wp:term":[{"taxonomy":"product_cat","embeddable":true,"href":"https:\/\/gabrielagoffiprofumeria.com\/new\/wp-json\/wp\/v2\/product_cat?post=70725"},{"taxonomy":"product_tag","embeddable":true,"href":"https:\/\/gabrielagoffiprofumeria.com\/new\/wp-json\/wp\/v2\/product_tag?post=70725"}],"curies":[{"name":"wp","href":"https:\/\/api.w.org\/{rel}","templated":true}]}}