{"id":70890,"date":"2023-04-29T12:16:58","date_gmt":"2023-04-29T10:16:58","guid":{"rendered":"https:\/\/gabrielagoffiprofumeria.com\/new\/?post_type=product&#038;p=70890"},"modified":"2024-08-13T17:40:41","modified_gmt":"2024-08-13T15:40:41","slug":"ombre-leather-parfum-copia","status":"publish","type":"product","link":"https:\/\/gabrielagoffiprofumeria.com\/new\/product\/ombre-leather-parfum-copia\/","title":{"rendered":"OMBRE LEATHER PARFUM"},"content":{"rendered":"<p>Ombr\u00e9 Leather Parfum amplifica la fragranza originaria in una fusione di caldi fiori cuoiati e intense note legnose &#8211; catturando la sensualit\u00e0 sfrenata del west americano.<\/p>\n<p>\u201cAlcune fragranze catturano esplicitamente aspetti reali della mia vita. Ogni nota di Ombr\u00e9 Leather evoca ricordi della mia infanzia vissuta nel west americano. La versione Parfum si fonda sulla sensualit\u00e0 selvaggia della fragranza originaria&#8230; un&#8217;espressione pi\u00f9 intensa e travolgente .\u201d \u2013 TOM FORD<\/p>\n<p>&nbsp;<\/p>\n<p>TIPOLOGIA: Eau de Parfum<\/p>\n<p>FORMATO: 50ml, 100 ml<\/p>\n","protected":false},"excerpt":{"rendered":"<p>Ombr\u00e9 Leather Parfum amplifica la fragranza originaria in una fusione di caldi fiori cuoiati e intense note legnose &#8211; catturando la sensualit\u00e0 sfrenata del west americano. \u201cAlcune fragranze catturano esplicitamente aspetti reali della mia vita. Ogni nota di Ombr\u00e9 Leather evoca ricordi della mia infanzia vissuta nel west americano. La versione Parfum si fonda sulla [&hellip;]<\/p>\n","protected":false},"featured_media":70894,"comment_status":"open","ping_status":"closed","template":"","meta":[],"product_cat":[97],"product_tag":[176,191,108,110],"acf":[],"_links":{"self":[{"href":"https:\/\/gabrielagoffiprofumeria.com\/new\/wp-json\/wp\/v2\/product\/70890"}],"collection":[{"href":"https:\/\/gabrielagoffiprofumeria.com\/new\/wp-json\/wp\/v2\/product"}],"about":[{"href":"https:\/\/gabrielagoffiprofumeria.com\/new\/wp-json\/wp\/v2\/types\/product"}],"replies":[{"embeddable":true,"href":"https:\/\/gabrielagoffiprofumeria.com\/new\/wp-json\/wp\/v2\/comments?post=70890"}],"wp:featuredmedia":[{"embeddable":true,"href":"https:\/\/gabrielagoffiprofumeria.com\/new\/wp-json\/wp\/v2\/media\/70894"}],"wp:attachment":[{"href":"https:\/\/gabrielagoffiprofumeria.com\/new\/wp-json\/wp\/v2\/media?parent=70890"}],"wp:term":[{"taxonomy":"product_cat","embeddable":true,"href":"https:\/\/gabrielagoffiprofumeria.com\/new\/wp-json\/wp\/v2\/product_cat?post=70890"},{"taxonomy":"product_tag","embeddable":true,"href":"https:\/\/gabrielagoffiprofumeria.com\/new\/wp-json\/wp\/v2\/product_tag?post=70890"}],"curies":[{"name":"wp","href":"https:\/\/api.w.org\/{rel}","templated":true}]}}